{"id":262,"date":"2017-09-27T17:17:24","date_gmt":"2017-09-27T17:17:24","guid":{"rendered":"https:\/\/elessi.nasatheme.com\/?page_id=262"},"modified":"2025-02-19T10:36:12","modified_gmt":"2025-02-19T10:36:12","slug":"shopping-cart","status":"publish","type":"page","link":"https:\/\/www.strudimora.com\/?page_id=262","title":{"rendered":"Al\u0131\u015fveri\u015f sepeti"},"content":{"rendered":"<div class=\"wpb-content-wrapper\"><p>[vc_row][vc_column el_class=&#8221;margin-bottom-30&#8243;][vc_column_text]<div class=\"woocommerce\"><div class=\"woocommerce-notices-wrapper\"><\/div><div class=\"wc-empty-cart-message nasa-empty-shopping-cart\">\r\n    <div class=\"cart-empty woocommerce-info\" role=\"alert\">\r\n        <svg class=\"nasa-icon cart-icon nasa-icon-1\" width=\"28\" height=\"28\" viewBox=\"0 0 32 32\" fill=\"currentColor\"><path d=\"M3.205 3.205v25.59h25.59v-25.59h-25.59zM27.729 27.729h-23.457v-23.457h23.457v23.457z\" \/><path d=\"M9.068 13.334c0 3.828 3.104 6.931 6.931 6.931s6.93-3.102 6.93-6.931v-3.732h1.067v-1.066h-3.199v1.066h1.065v3.732c0 3.234-2.631 5.864-5.864 5.864-3.234 0-5.865-2.631-5.865-5.864v-3.732h1.067v-1.066h-3.199v1.066h1.065v3.732z\"\/><\/svg>Sepetiniz \u015fu anda bo\u015f.<span class=\"nasa-extra-empty\">\u00d6deme i\u015flemine ge\u00e7meden \u00f6nce al\u0131\u015fveri\u015f sepetine baz\u0131 \u00fcr\u00fcnler eklemelisiniz.<br \/>\"Al\u0131\u015fveri\u015f\" sayfam\u0131zda \u00e7ok say\u0131da ilgi \u00e7ekici \u00fcr\u00fcn bulacaks\u0131n\u0131z. <\/span>    <\/div>\r\n<\/div>    <p class=\"return-to-shop margin-bottom-80\">\r\n        <a class=\"button wc-backward\" href=\"https:\/\/www.strudimora.com\/?page_id=3694\">\r\n            Ma\u011fazaya d\u00f6n        <\/a>\r\n    <\/p>\r\n    <div class=\"row nasa-empty-cart-recommend-product\">\r\n            <\/div>\r\n<\/div>[\/vc_column_text][\/vc_column][\/vc_row]<\/p>\n<\/div>","protected":false},"excerpt":{"rendered":"<p>[vc_row][vc_column el_class=&#8221;margin-bottom-30&#8243;][vc_column_text][\/vc_column_text][\/vc_column][\/vc_row]<\/p>\n","protected":false},"author":1,"featured_media":0,"parent":0,"menu_order":0,"comment_status":"closed","ping_status":"closed","template":"page-shopping-cart.php","meta":{"footnotes":""},"class_list":["post-262","page","type-page","status-publish","hentry"],"aioseo_notices":[],"jetpack_sharing_enabled":true,"_links":{"self":[{"href":"https:\/\/www.strudimora.com\/index.php?rest_route=\/wp\/v2\/pages\/262","targetHints":{"allow":["GET"]}}],"collection":[{"href":"https:\/\/www.strudimora.com\/index.php?rest_route=\/wp\/v2\/pages"}],"about":[{"href":"https:\/\/www.strudimora.com\/index.php?rest_route=\/wp\/v2\/types\/page"}],"author":[{"embeddable":true,"href":"https:\/\/www.strudimora.com\/index.php?rest_route=\/wp\/v2\/users\/1"}],"replies":[{"embeddable":true,"href":"https:\/\/www.strudimora.com\/index.php?rest_route=%2Fwp%2Fv2%2Fcomments&post=262"}],"version-history":[{"count":2,"href":"https:\/\/www.strudimora.com\/index.php?rest_route=\/wp\/v2\/pages\/262\/revisions"}],"predecessor-version":[{"id":3931,"href":"https:\/\/www.strudimora.com\/index.php?rest_route=\/wp\/v2\/pages\/262\/revisions\/3931"}],"wp:attachment":[{"href":"https:\/\/www.strudimora.com\/index.php?rest_route=%2Fwp%2Fv2%2Fmedia&parent=262"}],"curies":[{"name":"wp","href":"https:\/\/api.w.org\/{rel}","templated":true}]}}