{"id":3696,"date":"2021-11-21T04:37:42","date_gmt":"2021-11-21T04:37:42","guid":{"rendered":"https:\/\/elessi.nasatheme.com\/?page_id=10"},"modified":"2021-11-21T04:37:42","modified_gmt":"2021-11-21T04:37:42","slug":"my-account","status":"publish","type":"page","link":"https:\/\/www.strudimora.com\/?page_id=3696","title":{"rendered":"My account"},"content":{"rendered":"<div class=\"woocommerce\">\r\n<div class=\"woocommerce-notices-wrapper\"><\/div>\r\n<div class=\"row\" id=\"customer_login\">\r\n    <div class=\"large-12 columns login-form\">\r\n        \r\n        <span class=\"nasa-form-title\">\r\n            Tekrar g\u00f6rmek ne g\u00fczel!        <\/span>\r\n\r\n        <form method=\"post\" class=\"woocommerce-form woocommerce-form-login login\">\r\n            \r\n            \r\n            <p class=\"form-row form-row-wide\">\r\n                <span>\r\n                    <label for=\"username\" class=\"inline-block left rtl-right\">\r\n                        Kullan\u0131c\u0131 ad\u0131 ya da email <span class=\"required\" aria-hidden=\"true\">*<\/span>\r\n                    <\/label>\r\n\r\n                    <!-- Remember -->\r\n                    <label for=\"rememberme\" class=\"woocommerce-form__label woocommerce-form__label-for-checkbox woocommerce-form-login__rememberme inline-block right rtl-left none-weight\">\r\n                        <input class=\"woocommerce-form__input woocommerce-form__input-checkbox margin-right-5 rtl-margin-right-0 rtl-margin-left-5\" name=\"rememberme\" type=\"checkbox\" id=\"rememberme\" value=\"forever\" \/> Hat\u0131rlamak                    <\/label>\r\n                <\/span>\r\n\r\n                <!-- Username -->\r\n                <input type=\"text\" class=\"woocommerce-Input woocommerce-Input--text input-text\" name=\"username\" id=\"username\" autocomplete=\"username\" value=\"\" required aria-required=\"true\" \/>\r\n            <\/p>\r\n\r\n            <p class=\"form-row form-row-wide\">\r\n                <span>\r\n                    <label for=\"password\" class=\"inline-block left rtl-right\">\r\n                        \u015eifre <span class=\"required\" aria-hidden=\"true\">*<\/span>\r\n                    <\/label>\r\n                    \r\n                    <a class=\"lost_password inline-block right rtl-left none-weight\" href=\"https:\/\/www.strudimora.com\/?page_id=3696&#038;lost-password\">Kay\u0131p?<\/a>\r\n                <\/span>\r\n                \r\n                <a href=\"javascript:void(0);\" class=\"ns-show-password\"><svg width=\"20px\" height=\"20px\" viewBox=\"0 0 24 24\" fill=\"currentColor\" class=\"ns-svg-eye-op\">\r\n    <path d=\"M12 5C5.63636 5 2 12 2 12C2 12 5.63636 19 12 19C18.3636 19 22 12 22 12C22 12 18.3636 5 12 5Z\" stroke=\"currentColor\" stroke-width=\"1.5\" stroke-linecap=\"round\" stroke-linejoin=\"round\" \/>\r\n    <path d=\"M12 15C13.6569 15 15 13.6569 15 12C15 10.3431 13.6569 9 12 9C10.3431 9 9 10.3431 9 12C9 13.6569 10.3431 15 12 15Z\" stroke=\"currentColor\" stroke-width=\"1.5\" stroke-linecap=\"round\" stroke-linejoin=\"round\" \/>\r\n<\/svg><svg width=\"20px\" height=\"20px\" viewBox=\"0 0 24 24\" fill=\"currentColor\" class=\"ns-svg-eye-cl\">\r\n    <path d=\"M20 14.8335C21.3082 13.3317 22 12 22 12C22 12 18.3636 5 12 5C11.6588 5 11.3254 5.02013 11 5.05822C10.6578 5.09828 10.3244 5.15822 10 5.23552M12 9C12.3506 9 12.6872 9.06015 13 9.17071C13.8524 9.47199 14.528 10.1476 14.8293 11C14.9398 11.3128 15 11.6494 15 12M3 3L21 21M12 15C11.6494 15 11.3128 14.9398 11 14.8293C10.1476 14.528 9.47198 13.8524 9.1707 13C9.11386 12.8392 9.07034 12.6721 9.04147 12.5M4.14701 9C3.83877 9.34451 3.56234 9.68241 3.31864 10C2.45286 11.1282 2 12 2 12C2 12 5.63636 19 12 19C12.3412 19 12.6746 18.9799 13 18.9418\" stroke=\"currentColor\" stroke-width=\"1.5\" stroke-linecap=\"round\" stroke-linejoin=\"round\" \/>\r\n<\/svg><\/a>\r\n                \r\n                <input class=\"woocommerce-Input woocommerce-Input--text input-text\" type=\"password\" name=\"password\" id=\"password\" autocomplete=\"current-password\" required aria-required=\"true\" \/>\r\n            <\/p>\r\n\r\n            \r\n            <p class=\"form-row row-submit\">\r\n                <input type=\"hidden\" id=\"woocommerce-login-nonce\" name=\"woocommerce-login-nonce\" value=\"82eaae402a\" \/><input type=\"hidden\" name=\"_wp_http_referer\" value=\"\/index.php?rest_route=%2Fwp%2Fv2%2Fpages%2F3696\" \/>                <button type=\"submit\" class=\"woocommerce-button button woocommerce-form-login__submit nasa-fullwidth margin-top-10\" name=\"login\" value=\"HESABINIZA G\u0130R\u0130\u015e YAPIN\">HESABINIZA G\u0130R\u0130\u015e YAPIN<\/button>\r\n            <\/p>\r\n\r\n                    <\/form>\r\n\r\n                    <p class=\"nasa-switch-form\">\r\n                \u00dcye de\u011fil?                \r\n                <a class=\"nasa-switch-register\" href=\"javascript:void(0);\" rel=\"nofollow\">\r\n                    Bir hesap olu\u015fturun                <\/a>\r\n            <\/p>\r\n            <\/div>\r\n\r\n            <div class=\"large-12 columns register-form\">\r\n\r\n            <span class=\"nasa-form-title\">\r\n                Seni burada g\u00f6rmek harika!            <\/span>\r\n\r\n            <form method=\"post\" class=\"woocommerce-form woocommerce-form-register register\" >\r\n\r\n                \r\n                \r\n                <p class=\"form-row form-row-wide\">\r\n                    <label for=\"reg_email\" class=\"left rtl-right\">\r\n                        E-posta adresi <span class=\"required\" aria-hidden=\"true\">*<\/span>\r\n                    <\/label>\r\n\r\n                    <!-- Email -->\r\n                    <input type=\"email\" class=\"woocommerce-Input woocommerce-Input--text input-text\" name=\"email\" id=\"reg_email\" autocomplete=\"email\" value=\"\" required aria-required=\"true\" \/>\r\n                <\/p>\r\n\r\n                \r\n                    <p class=\"form-row form-row-wide\">\r\n                        E-posta adresinize yeni bir \u015fifre belirlemek i\u00e7in bir ba\u011flant\u0131 g\u00f6nderilecektir.                    <\/p>\r\n\r\n                \r\n                <wc-order-attribution-inputs><\/wc-order-attribution-inputs><div class=\"woocommerce-privacy-policy-text\"><p>Ki\u015fisel verileriniz bu web sitesindeki deneyiminizi desteklemek, hesab\u0131n\u0131za eri\u015fimi y\u00f6netmek ve <a href=\"https:\/\/www.strudimora.com\/?page_id=3\" class=\"woocommerce-privacy-policy-link\" target=\"_blank\">gizlilik ilkesi<\/a> sayfam\u0131zda a\u00e7\u0131klanan di\u011fer ama\u00e7lar i\u00e7in kullan\u0131lacakt\u0131r.<\/p>\n<\/div>\r\n                <p class=\"form-row\">\r\n                    <input type=\"hidden\" id=\"woocommerce-register-nonce\" name=\"woocommerce-register-nonce\" value=\"e8d238a574\" \/><input type=\"hidden\" name=\"_wp_http_referer\" value=\"\/index.php?rest_route=%2Fwp%2Fv2%2Fpages%2F3696\" \/>\r\n                    <!-- Submit button -->\r\n                    <button type=\"submit\" class=\"woocommerce-Button woocommerce-button button woocommerce-form-register__submit nasa-fullwidth\" name=\"register\" value=\"HESABINIZI KURUN\">HESABINIZI KURUN<\/button>\r\n                <\/p>\r\n\r\n                \r\n            <\/form>\r\n\r\n            <p class=\"nasa-switch-form\">\r\n                Zaten bir hesab\u0131n\u0131z var m\u0131?                \r\n                <a class=\"nasa-switch-login\" href=\"javascript:void(0);\" rel=\"nofollow\">\r\n                    Oturum a\u00e7\u0131n                <\/a>\r\n            <\/p>\r\n\r\n        <\/div>\r\n    <\/div>\r\n\r\n<\/div>\n","protected":false},"excerpt":{"rendered":"Tekrar g\u00f6rmek ne g\u00fczel! Kullan\u0131c\u0131 ad\u0131 ya da email * Hat\u0131rlamak \u015eifre * Kay\u0131p? HESABINIZA G\u0130R\u0130\u015e YAPIN \u00dcye de\u011fil? Bir hesap olu\u015fturun Seni burada g\u00f6rmek harika! E-posta adresi * E-posta adresinize yeni bir \u015fifre belirlemek i\u00e7in bir ba\u011flant\u0131 g\u00f6nderilecektir. Ki\u015fisel verileriniz bu web sitesindeki deneyiminizi desteklemek, hesab\u0131n\u0131za eri\u015fimi y\u00f6netmek ve gizlilik ilkesi sayfam\u0131zda a\u00e7\u0131klanan di\u011fer [...]","protected":false},"author":1,"featured_media":0,"parent":0,"menu_order":0,"comment_status":"closed","ping_status":"closed","template":"","meta":{"footnotes":""},"class_list":["post-3696","page","type-page","status-publish","hentry"],"aioseo_notices":[],"jetpack_sharing_enabled":true,"_links":{"self":[{"href":"https:\/\/www.strudimora.com\/index.php?rest_route=\/wp\/v2\/pages\/3696","targetHints":{"allow":["GET"]}}],"collection":[{"href":"https:\/\/www.strudimora.com\/index.php?rest_route=\/wp\/v2\/pages"}],"about":[{"href":"https:\/\/www.strudimora.com\/index.php?rest_route=\/wp\/v2\/types\/page"}],"author":[{"embeddable":true,"href":"https:\/\/www.strudimora.com\/index.php?rest_route=\/wp\/v2\/users\/1"}],"replies":[{"embeddable":true,"href":"https:\/\/www.strudimora.com\/index.php?rest_route=%2Fwp%2Fv2%2Fcomments&post=3696"}],"version-history":[{"count":0,"href":"https:\/\/www.strudimora.com\/index.php?rest_route=\/wp\/v2\/pages\/3696\/revisions"}],"wp:attachment":[{"href":"https:\/\/www.strudimora.com\/index.php?rest_route=%2Fwp%2Fv2%2Fmedia&parent=3696"}],"curies":[{"name":"wp","href":"https:\/\/api.w.org\/{rel}","templated":true}]}}