{"id":3731,"date":"2025-02-11T11:37:30","date_gmt":"2025-02-11T11:37:30","guid":{"rendered":""},"modified":"2025-02-19T13:12:08","modified_gmt":"2025-02-19T13:12:08","slug":"hakkimizda","status":"publish","type":"page","link":"https:\/\/www.strudimora.com\/?page_id=3731","title":{"rendered":"HAKKIMIZDA"},"content":{"rendered":"\t\t<div data-elementor-type=\"wp-page\" data-elementor-id=\"3731\" class=\"elementor elementor-3731\">\n\t\t\t\t\t\t<section class=\"elementor-section elementor-top-section elementor-element elementor-element-5158b412 elementor-section-boxed elementor-section-height-default elementor-section-height-default\" data-id=\"5158b412\" data-element_type=\"section\">\n\t\t\t\t\t\t<div class=\"elementor-container elementor-column-gap-default\">\n\t\t\t\t\t<div class=\"elementor-column elementor-col-100 elementor-top-column elementor-element elementor-element-11875c9\" data-id=\"11875c9\" data-element_type=\"column\">\n\t\t\t<div class=\"elementor-widget-wrap elementor-element-populated\">\n\t\t\t\t\t\t<div class=\"elementor-element elementor-element-6c441c0 elementor-widget elementor-widget-text-editor\" data-id=\"6c441c0\" data-element_type=\"widget\" data-widget_type=\"text-editor.default\">\n\t\t\t\t<div class=\"elementor-widget-container\">\n\t\t\t\t\t\t\t\t\t<p data-start=\"45\" data-end=\"631\">Strudimora\u2019daki her bir \u00fcr\u00fcn, yaln\u0131zca bir tasar\u0131m \u00f6\u011fesi olman\u0131n \u00f6tesine ge\u00e7er; her par\u00e7a, ruhumuzun bir yans\u0131mas\u0131d\u0131r. Bu tasar\u0131mlar, bizim i\u00e7in \u00e7ok \u00f6zel ve derin anlamlar ta\u015f\u0131r. Her bir \u00fcr\u00fcn, ki\u015fisel yarat\u0131c\u0131l\u0131\u011f\u0131m\u0131z\u0131n ve estetik anlay\u0131\u015f\u0131m\u0131z\u0131n bir ifadesi olarak \u015fekillenir ve d\u00fcnyayla payla\u015fmaktan b\u00fcy\u00fck mutluluk duydu\u011fumuz birer sanatsal eserlerdir. Ayd\u0131nlatmadan duvar panolar\u0131na, aksesuarlarla ba\u015flay\u0131p benzersiz dekoratif par\u00e7alara kadar uzanan geni\u015f bir koleksiyon sunuyoruz. Her bir tasar\u0131m, yaln\u0131zca g\u00f6rsel de\u011fil, ayn\u0131 zamanda duygusal bir ba\u011f kurarak mekanlar\u0131n\u0131za de\u011fer katar.<\/p><p data-start=\"633\" data-end=\"1118\">Projemizin temelinde ise s\u00fcrd\u00fcr\u00fclebilirlik yer al\u0131r. Do\u011faya olan sayg\u0131m\u0131z, \u00fcr\u00fcnlerimize her ad\u0131mda yans\u0131maktad\u0131r. Kulland\u0131\u011f\u0131m\u0131z t\u00fcm malzemeler, geri d\u00f6n\u00fc\u015ft\u00fcr\u00fclm\u00fc\u015f kaynaklardan elde edilmektedir. Bu yakla\u015f\u0131m, hem do\u011fan\u0131n korunmas\u0131na hem de gelece\u011fe de\u011fer kat\u0131lmas\u0131na katk\u0131da bulunmak i\u00e7in \u00f6nemli bir ad\u0131md\u0131r. Sadece \u00e7evremizi korumakla kalm\u0131yor, ayn\u0131 zamanda bu s\u00fcrd\u00fcr\u00fclebilir \u00fcretim s\u00fcre\u00e7lerini te\u015fvik ederek, gelecek nesiller i\u00e7in de daha ya\u015fanabilir bir d\u00fcnya b\u0131rakmay\u0131 hedefliyoruz.<\/p><p data-start=\"633\" data-end=\"1118\">\u00a0<\/p>\t\t\t\t\t\t\t\t<\/div>\n\t\t\t\t<\/div>\n\t\t\t\t\t<\/div>\n\t\t<\/div>\n\t\t\t\t\t<\/div>\n\t\t<\/section>\n\t\t\t\t<\/div>\n\t\t","protected":false},"excerpt":{"rendered":"<p>Strudimora\u2019daki her bir \u00fcr\u00fcn, yaln\u0131zca bir tasar\u0131m \u00f6\u011fesi olman\u0131n \u00f6tesine ge\u00e7er; her par\u00e7a, ruhumuzun bir yans\u0131mas\u0131d\u0131r. Bu tasar\u0131mlar, bizim i\u00e7in \u00e7ok \u00f6zel ve derin anlamlar ta\u015f\u0131r. Her bir \u00fcr\u00fcn, ki\u015fisel yarat\u0131c\u0131l\u0131\u011f\u0131m\u0131z\u0131n ve estetik anlay\u0131\u015f\u0131m\u0131z\u0131n bir ifadesi olarak \u015fekillenir ve d\u00fcnyayla payla\u015fmaktan b\u00fcy\u00fck mutluluk duydu\u011fumuz birer sanatsal eserlerdir. Ayd\u0131nlatmadan duvar panolar\u0131na, aksesuarlarla ba\u015flay\u0131p benzersiz dekoratif par\u00e7alara [&hellip;]<\/p>\n","protected":false},"author":1,"featured_media":0,"parent":0,"menu_order":0,"comment_status":"closed","ping_status":"closed","template":"","meta":{"footnotes":""},"class_list":["post-3731","page","type-page","status-publish","hentry"],"aioseo_notices":[],"jetpack_sharing_enabled":true,"_links":{"self":[{"href":"https:\/\/www.strudimora.com\/index.php?rest_route=\/wp\/v2\/pages\/3731","targetHints":{"allow":["GET"]}}],"collection":[{"href":"https:\/\/www.strudimora.com\/index.php?rest_route=\/wp\/v2\/pages"}],"about":[{"href":"https:\/\/www.strudimora.com\/index.php?rest_route=\/wp\/v2\/types\/page"}],"author":[{"embeddable":true,"href":"https:\/\/www.strudimora.com\/index.php?rest_route=\/wp\/v2\/users\/1"}],"replies":[{"embeddable":true,"href":"https:\/\/www.strudimora.com\/index.php?rest_route=%2Fwp%2Fv2%2Fcomments&post=3731"}],"version-history":[{"count":6,"href":"https:\/\/www.strudimora.com\/index.php?rest_route=\/wp\/v2\/pages\/3731\/revisions"}],"predecessor-version":[{"id":4060,"href":"https:\/\/www.strudimora.com\/index.php?rest_route=\/wp\/v2\/pages\/3731\/revisions\/4060"}],"wp:attachment":[{"href":"https:\/\/www.strudimora.com\/index.php?rest_route=%2Fwp%2Fv2%2Fmedia&parent=3731"}],"curies":[{"name":"wp","href":"https:\/\/api.w.org\/{rel}","templated":true}]}}