{"id":3825,"date":"2025-02-11T14:54:10","date_gmt":"2025-02-11T14:54:10","guid":{"rendered":"https:\/\/www.strudimora.com\/?post_type=product&#038;p=3825"},"modified":"2026-01-05T11:16:05","modified_gmt":"2026-01-05T11:16:05","slug":"balon-sarkit-lamba","status":"publish","type":"product","link":"https:\/\/www.strudimora.com\/?product=balon-sarkit-lamba","title":{"rendered":"Balon Sark\u0131t"},"content":{"rendered":"<p>\ud83c\udf88 Balon Sark\u0131t ile hayal d\u00fcnyas\u0131 ayd\u0131nlan\u0131yor!<br \/>\n\u00c7ocuklar ve bebekler i\u00e7in \u00f6zel olarak olu\u015fturdu\u011fumuz bu sevimli balon lamba, hem odalar\u0131na s\u0131cak bir ambiyans kat\u0131yor hem de masals\u0131 bir atmosfer olu\u015fturuyor. \ud83c\udf19\u2601\ufe0f<\/p>\n<p>E\u011flenceli ve zarif tasar\u0131m\u0131yla miniklerin d\u00fcnyas\u0131n\u0131 renklendirmek i\u00e7in ideal! \ud83d\udc95<\/p>\n","protected":false},"excerpt":{"rendered":"<p>\ud83c\udf88 Balon Sark\u0131t ile hayal d\u00fcnyas\u0131 ayd\u0131nlan\u0131yor! \u00c7ocuklar ve bebekler i\u00e7in \u00f6zel olarak olu\u015fturdu\u011fumuz bu sevimli balon lamba, hem odalar\u0131na s\u0131cak bir ambiyans kat\u0131yor hem de masals\u0131 bir atmosfer olu\u015fturuyor. \ud83c\udf19\u2601\ufe0f E\u011flenceli ve zarif tasar\u0131m\u0131yla miniklerin d\u00fcnyas\u0131n\u0131 renklendirmek i\u00e7in ideal! \ud83d\udc95<\/p>\n","protected":false},"featured_media":3827,"comment_status":"open","ping_status":"closed","template":"","meta":[],"product_brand":[198],"product_cat":[194],"product_tag":[240,223,289,224,239,238],"class_list":{"0":"post-3825","1":"product","2":"type-product","3":"status-publish","4":"has-post-thumbnail","6":"product_brand-strudimora","7":"product_cat-balonlamba","8":"product_tag-aydinlatma","9":"product_tag-balon","10":"product_tag-balon-avize","11":"product_tag-balon-lamba","12":"product_tag-lamba","13":"product_tag-sarkit","15":"first","16":"instock","17":"taxable","18":"shipping-taxable","19":"purchasable","20":"product-type-variable"},"aioseo_notices":[],"jetpack_sharing_enabled":true,"_links":{"self":[{"href":"https:\/\/www.strudimora.com\/index.php?rest_route=\/wp\/v2\/product\/3825","targetHints":{"allow":["GET"]}}],"collection":[{"href":"https:\/\/www.strudimora.com\/index.php?rest_route=\/wp\/v2\/product"}],"about":[{"href":"https:\/\/www.strudimora.com\/index.php?rest_route=\/wp\/v2\/types\/product"}],"replies":[{"embeddable":true,"href":"https:\/\/www.strudimora.com\/index.php?rest_route=%2Fwp%2Fv2%2Fcomments&post=3825"}],"wp:featuredmedia":[{"embeddable":true,"href":"https:\/\/www.strudimora.com\/index.php?rest_route=\/wp\/v2\/media\/3827"}],"wp:attachment":[{"href":"https:\/\/www.strudimora.com\/index.php?rest_route=%2Fwp%2Fv2%2Fmedia&parent=3825"}],"wp:term":[{"taxonomy":"product_brand","embeddable":true,"href":"https:\/\/www.strudimora.com\/index.php?rest_route=%2Fwp%2Fv2%2Fproduct_brand&post=3825"},{"taxonomy":"product_cat","embeddable":true,"href":"https:\/\/www.strudimora.com\/index.php?rest_route=%2Fwp%2Fv2%2Fproduct_cat&post=3825"},{"taxonomy":"product_tag","embeddable":true,"href":"https:\/\/www.strudimora.com\/index.php?rest_route=%2Fwp%2Fv2%2Fproduct_tag&post=3825"}],"curies":[{"name":"wp","href":"https:\/\/api.w.org\/{rel}","templated":true}]}}