{"id":3845,"date":"2025-02-11T16:13:23","date_gmt":"2025-02-11T16:13:23","guid":{"rendered":"https:\/\/www.strudimora.com\/?post_type=product&#038;p=3845"},"modified":"2026-01-05T11:12:42","modified_gmt":"2026-01-05T11:12:42","slug":"zurafa-duvar-panosu","status":"publish","type":"product","link":"https:\/\/www.strudimora.com\/?product=zurafa-duvar-panosu","title":{"rendered":"Z\u00fcrafa Duvar panosu"},"content":{"rendered":"<p>Hayal G\u00fcc\u00fcne Can Veren Duvar Panolar\u0131!<br \/>\n\u00c7ocuklar i\u00e7in \u00f6zel olarak tasarlad\u0131\u011f\u0131m\u0131z poligonal hayvan temal\u0131 duvar panolar\u0131, odalar\u0131na e\u011flenceli ve sanatsal bir dokunu\u015f kat\u0131yor. \ud83d\udc3c\ud83e\udd84\ud83e\udd98<\/p>\n","protected":false},"excerpt":{"rendered":"<p>Hayal G\u00fcc\u00fcne Can Veren Duvar Panolar\u0131! \u00c7ocuklar i\u00e7in \u00f6zel olarak tasarlad\u0131\u011f\u0131m\u0131z poligonal hayvan temal\u0131 duvar panolar\u0131, odalar\u0131na e\u011flenceli ve sanatsal bir dokunu\u015f kat\u0131yor. \ud83d\udc3c\ud83e\udd84\ud83e\udd98<\/p>\n","protected":false},"featured_media":3846,"comment_status":"open","ping_status":"closed","template":"","meta":[],"product_brand":[198],"product_cat":[195],"product_tag":[216],"class_list":{"0":"post-3845","1":"product","2":"type-product","3":"status-publish","4":"has-post-thumbnail","6":"product_brand-strudimora","7":"product_cat-duvar-panolari","8":"product_tag-zurafa","10":"first","11":"instock","12":"taxable","13":"shipping-taxable","14":"purchasable","15":"product-type-simple"},"aioseo_notices":[],"jetpack_sharing_enabled":true,"_links":{"self":[{"href":"https:\/\/www.strudimora.com\/index.php?rest_route=\/wp\/v2\/product\/3845","targetHints":{"allow":["GET"]}}],"collection":[{"href":"https:\/\/www.strudimora.com\/index.php?rest_route=\/wp\/v2\/product"}],"about":[{"href":"https:\/\/www.strudimora.com\/index.php?rest_route=\/wp\/v2\/types\/product"}],"replies":[{"embeddable":true,"href":"https:\/\/www.strudimora.com\/index.php?rest_route=%2Fwp%2Fv2%2Fcomments&post=3845"}],"wp:featuredmedia":[{"embeddable":true,"href":"https:\/\/www.strudimora.com\/index.php?rest_route=\/wp\/v2\/media\/3846"}],"wp:attachment":[{"href":"https:\/\/www.strudimora.com\/index.php?rest_route=%2Fwp%2Fv2%2Fmedia&parent=3845"}],"wp:term":[{"taxonomy":"product_brand","embeddable":true,"href":"https:\/\/www.strudimora.com\/index.php?rest_route=%2Fwp%2Fv2%2Fproduct_brand&post=3845"},{"taxonomy":"product_cat","embeddable":true,"href":"https:\/\/www.strudimora.com\/index.php?rest_route=%2Fwp%2Fv2%2Fproduct_cat&post=3845"},{"taxonomy":"product_tag","embeddable":true,"href":"https:\/\/www.strudimora.com\/index.php?rest_route=%2Fwp%2Fv2%2Fproduct_tag&post=3845"}],"curies":[{"name":"wp","href":"https:\/\/api.w.org\/{rel}","templated":true}]}}