{"id":3871,"date":"2025-02-11T17:29:45","date_gmt":"2025-02-11T17:29:45","guid":{"rendered":"https:\/\/www.strudimora.com\/?post_type=product&#038;p=3871"},"modified":"2026-01-05T11:10:42","modified_gmt":"2026-01-05T11:10:42","slug":"love-dekoratif-obje","status":"publish","type":"product","link":"https:\/\/www.strudimora.com\/?product=love-dekoratif-obje","title":{"rendered":"Love dekoratif obje"},"content":{"rendered":"<p>Minimalist ve modern tasar\u0131m\u0131yla \u2018LOVE\u2019 dekoratif objesi, bulundu\u011fu her mek\u00e2na zarif bir dokunu\u015f kat\u0131yor. Canl\u0131 k\u0131rm\u0131z\u0131 rengiyle \u00f6ne \u00e7\u0131kan bu tasar\u0131m, kitapl\u0131k, sehpa veya \u00e7al\u0131\u015fma alanlar\u0131nda \u015f\u0131k bir detay olu\u015fturuyor.<\/p>\n","protected":false},"excerpt":{"rendered":"<p>Minimalist ve modern tasar\u0131m\u0131yla \u2018LOVE\u2019 dekoratif objesi, bulundu\u011fu her mek\u00e2na zarif bir dokunu\u015f kat\u0131yor. Canl\u0131 k\u0131rm\u0131z\u0131 rengiyle \u00f6ne \u00e7\u0131kan bu tasar\u0131m, kitapl\u0131k, sehpa veya \u00e7al\u0131\u015fma alanlar\u0131nda \u015f\u0131k bir detay olu\u015fturuyor.<\/p>\n","protected":false},"featured_media":3872,"comment_status":"open","ping_status":"closed","template":"","meta":[],"product_brand":[198],"product_cat":[197],"product_tag":[200],"class_list":{"0":"post-3871","1":"product","2":"type-product","3":"status-publish","4":"has-post-thumbnail","6":"product_brand-strudimora","7":"product_cat-aksesuar","8":"product_tag-love","10":"first","11":"instock","12":"taxable","13":"shipping-taxable","14":"purchasable","15":"product-type-variable"},"aioseo_notices":[],"jetpack_sharing_enabled":true,"_links":{"self":[{"href":"https:\/\/www.strudimora.com\/index.php?rest_route=\/wp\/v2\/product\/3871","targetHints":{"allow":["GET"]}}],"collection":[{"href":"https:\/\/www.strudimora.com\/index.php?rest_route=\/wp\/v2\/product"}],"about":[{"href":"https:\/\/www.strudimora.com\/index.php?rest_route=\/wp\/v2\/types\/product"}],"replies":[{"embeddable":true,"href":"https:\/\/www.strudimora.com\/index.php?rest_route=%2Fwp%2Fv2%2Fcomments&post=3871"}],"wp:featuredmedia":[{"embeddable":true,"href":"https:\/\/www.strudimora.com\/index.php?rest_route=\/wp\/v2\/media\/3872"}],"wp:attachment":[{"href":"https:\/\/www.strudimora.com\/index.php?rest_route=%2Fwp%2Fv2%2Fmedia&parent=3871"}],"wp:term":[{"taxonomy":"product_brand","embeddable":true,"href":"https:\/\/www.strudimora.com\/index.php?rest_route=%2Fwp%2Fv2%2Fproduct_brand&post=3871"},{"taxonomy":"product_cat","embeddable":true,"href":"https:\/\/www.strudimora.com\/index.php?rest_route=%2Fwp%2Fv2%2Fproduct_cat&post=3871"},{"taxonomy":"product_tag","embeddable":true,"href":"https:\/\/www.strudimora.com\/index.php?rest_route=%2Fwp%2Fv2%2Fproduct_tag&post=3871"}],"curies":[{"name":"wp","href":"https:\/\/api.w.org\/{rel}","templated":true}]}}