{"id":3878,"date":"2025-02-12T08:42:07","date_gmt":"2025-02-12T08:42:07","guid":{"rendered":"https:\/\/www.strudimora.com\/?post_type=product&#038;p=3878"},"modified":"2025-02-19T14:33:43","modified_gmt":"2025-02-19T14:33:43","slug":"semsiye-figurlu-adam","status":"publish","type":"product","link":"https:\/\/www.strudimora.com\/?product=semsiye-figurlu-adam","title":{"rendered":"\u015eemsiye fig\u00fcrl\u00fc adam"},"content":{"rendered":"<p>Ya\u011fmurlu Bir G\u00fcnden \u0130lham: \u015eemsiye Fig\u00fcrl\u00fc Dekoratif Tasar\u0131m<br \/>\nSanatsal ve anlam y\u00fckl\u00fc bir dekoratif dokunu\u015f arayanlar i\u00e7in \u015femsiye fig\u00fcrl\u00fc tasar\u0131m\u0131m\u0131z, minimal ve modern \u00e7izgileriyle dikkat \u00e7ekiyor. Turuncu ve sar\u0131 tonlar\u0131nda \u015femsiyelerle kontrast olu\u015fturan heykelcikler, estetik oldu\u011fu kadar anlam dolu bir atmosfer yarat\u0131yor.<\/p>\n<p>\u2728 Evinizin \u00e7al\u0131\u015fma k\u00f6\u015fesi, salon veya ofis dekorasyonu i\u00e7in zarif bir se\u00e7im!<\/p>\n","protected":false},"excerpt":{"rendered":"<p>Ya\u011fmurlu Bir G\u00fcnden \u0130lham: \u015eemsiye Fig\u00fcrl\u00fc Dekoratif Tasar\u0131m Sanatsal ve anlam y\u00fckl\u00fc bir dekoratif dokunu\u015f arayanlar i\u00e7in \u015femsiye fig\u00fcrl\u00fc tasar\u0131m\u0131m\u0131z, minimal ve modern \u00e7izgileriyle dikkat \u00e7ekiyor. Turuncu ve sar\u0131 tonlar\u0131nda \u015femsiyelerle kontrast olu\u015fturan heykelcikler, estetik oldu\u011fu kadar anlam dolu bir atmosfer yarat\u0131yor. \u2728 Evinizin \u00e7al\u0131\u015fma k\u00f6\u015fesi, salon veya ofis dekorasyonu i\u00e7in zarif bir se\u00e7im!<\/p>\n","protected":false},"featured_media":3879,"comment_status":"open","ping_status":"closed","template":"","meta":[],"product_brand":[198],"product_cat":[197],"product_tag":[232,229,230,231],"class_list":{"0":"post-3878","1":"product","2":"type-product","3":"status-publish","4":"has-post-thumbnail","6":"product_brand-strudimora","7":"product_cat-aksesuar","8":"product_tag-aksesuar","9":"product_tag-semsiye","10":"product_tag-semsiye-figurlu-adam","11":"product_tag-semsiyeli-adam","13":"first","14":"instock","15":"taxable","16":"shipping-taxable","17":"purchasable","18":"product-type-simple"},"aioseo_notices":[],"jetpack_sharing_enabled":true,"_links":{"self":[{"href":"https:\/\/www.strudimora.com\/index.php?rest_route=\/wp\/v2\/product\/3878","targetHints":{"allow":["GET"]}}],"collection":[{"href":"https:\/\/www.strudimora.com\/index.php?rest_route=\/wp\/v2\/product"}],"about":[{"href":"https:\/\/www.strudimora.com\/index.php?rest_route=\/wp\/v2\/types\/product"}],"replies":[{"embeddable":true,"href":"https:\/\/www.strudimora.com\/index.php?rest_route=%2Fwp%2Fv2%2Fcomments&post=3878"}],"wp:featuredmedia":[{"embeddable":true,"href":"https:\/\/www.strudimora.com\/index.php?rest_route=\/wp\/v2\/media\/3879"}],"wp:attachment":[{"href":"https:\/\/www.strudimora.com\/index.php?rest_route=%2Fwp%2Fv2%2Fmedia&parent=3878"}],"wp:term":[{"taxonomy":"product_brand","embeddable":true,"href":"https:\/\/www.strudimora.com\/index.php?rest_route=%2Fwp%2Fv2%2Fproduct_brand&post=3878"},{"taxonomy":"product_cat","embeddable":true,"href":"https:\/\/www.strudimora.com\/index.php?rest_route=%2Fwp%2Fv2%2Fproduct_cat&post=3878"},{"taxonomy":"product_tag","embeddable":true,"href":"https:\/\/www.strudimora.com\/index.php?rest_route=%2Fwp%2Fv2%2Fproduct_tag&post=3878"}],"curies":[{"name":"wp","href":"https:\/\/api.w.org\/{rel}","templated":true}]}}