{"id":3886,"date":"2025-02-12T08:55:06","date_gmt":"2025-02-12T08:55:06","guid":{"rendered":"https:\/\/www.strudimora.com\/?post_type=product&#038;p=3886"},"modified":"2025-08-13T16:16:37","modified_gmt":"2025-08-13T16:16:37","slug":"aurora-orbit-lambader","status":"publish","type":"product","link":"https:\/\/www.strudimora.com\/?product=aurora-orbit-lambader","title":{"rendered":"Aurora orbit lambader"},"content":{"rendered":"<p>\ud83c\udf08 G\u00f6kku\u015fa\u011f\u0131n\u0131n tonlar\u0131ndan ilham alarak \u00fcretti\u011fimiz lambaderimiz , \u201cI\u015f\u0131k Dengesi\u201d ad\u0131n\u0131 verdi\u011fimiz bir projedir. Bu lambader, yaln\u0131zca bir \u0131\u015f\u0131k kayna\u011f\u0131 de\u011fil, ayn\u0131 zamanda ya\u015famdaki \u00e7e\u015fitlilik ve uyumun bir temsilcisiydi. Her renk, bir insan duygusunu temsil ediyordu: ye\u015fil huzuru, k\u0131rm\u0131z\u0131 tutkuyu, turkuaz hayal g\u00fcc\u00fcn\u00fc\u2026 Lambay\u0131 tasarlarken her bir par\u00e7ay\u0131 dengeyle yerle\u015ftirerek hayattaki kar\u015f\u0131tl\u0131klar\u0131n bir araya geldi\u011finde nas\u0131l bir b\u00fct\u00fcn olu\u015fturdu\u011funu g\u00f6stermek istedik. Lambaderimiz k\u0131sa s\u00fcrede modern ya\u015fam\u0131n ikonlar\u0131ndan biri haline gelicektir.<\/p>\n<p>&nbsp;<\/p>\n","protected":false},"excerpt":{"rendered":"<p>\ud83c\udf08 G\u00f6kku\u015fa\u011f\u0131n\u0131n tonlar\u0131ndan ilham alarak \u00fcretti\u011fimiz lambaderimiz , \u201cI\u015f\u0131k Dengesi\u201d ad\u0131n\u0131 verdi\u011fimiz bir projedir. Bu lambader, yaln\u0131zca bir \u0131\u015f\u0131k kayna\u011f\u0131 de\u011fil, ayn\u0131 zamanda ya\u015famdaki \u00e7e\u015fitlilik ve uyumun bir temsilcisiydi. Her renk, bir insan duygusunu temsil ediyordu: ye\u015fil huzuru, k\u0131rm\u0131z\u0131 tutkuyu, turkuaz hayal g\u00fcc\u00fcn\u00fc\u2026 Lambay\u0131 tasarlarken her bir par\u00e7ay\u0131 dengeyle yerle\u015ftirerek hayattaki kar\u015f\u0131tl\u0131klar\u0131n bir araya geldi\u011finde [&hellip;]<\/p>\n","protected":false},"featured_media":3887,"comment_status":"open","ping_status":"closed","template":"","meta":[],"product_brand":[198],"product_cat":[199],"product_tag":[228,226,227],"class_list":{"0":"post-3886","1":"product","2":"type-product","3":"status-publish","4":"has-post-thumbnail","6":"product_brand-strudimora","7":"product_cat-lambader","8":"product_tag-aurora-orbit","9":"product_tag-lambader","10":"product_tag-renkli-lambader","12":"first","13":"instock","14":"taxable","15":"shipping-taxable","16":"purchasable","17":"product-type-simple"},"aioseo_notices":[],"jetpack_sharing_enabled":true,"_links":{"self":[{"href":"https:\/\/www.strudimora.com\/index.php?rest_route=\/wp\/v2\/product\/3886","targetHints":{"allow":["GET"]}}],"collection":[{"href":"https:\/\/www.strudimora.com\/index.php?rest_route=\/wp\/v2\/product"}],"about":[{"href":"https:\/\/www.strudimora.com\/index.php?rest_route=\/wp\/v2\/types\/product"}],"replies":[{"embeddable":true,"href":"https:\/\/www.strudimora.com\/index.php?rest_route=%2Fwp%2Fv2%2Fcomments&post=3886"}],"wp:featuredmedia":[{"embeddable":true,"href":"https:\/\/www.strudimora.com\/index.php?rest_route=\/wp\/v2\/media\/3887"}],"wp:attachment":[{"href":"https:\/\/www.strudimora.com\/index.php?rest_route=%2Fwp%2Fv2%2Fmedia&parent=3886"}],"wp:term":[{"taxonomy":"product_brand","embeddable":true,"href":"https:\/\/www.strudimora.com\/index.php?rest_route=%2Fwp%2Fv2%2Fproduct_brand&post=3886"},{"taxonomy":"product_cat","embeddable":true,"href":"https:\/\/www.strudimora.com\/index.php?rest_route=%2Fwp%2Fv2%2Fproduct_cat&post=3886"},{"taxonomy":"product_tag","embeddable":true,"href":"https:\/\/www.strudimora.com\/index.php?rest_route=%2Fwp%2Fv2%2Fproduct_tag&post=3886"}],"curies":[{"name":"wp","href":"https:\/\/api.w.org\/{rel}","templated":true}]}}