{"id":3904,"date":"2025-02-12T09:24:34","date_gmt":"2025-02-12T09:24:34","guid":{"rendered":"https:\/\/www.strudimora.com\/?post_type=product&#038;p=3904"},"modified":"2026-01-05T11:03:24","modified_gmt":"2026-01-05T11:03:24","slug":"boga-duvar-panosu","status":"publish","type":"product","link":"https:\/\/www.strudimora.com\/?product=boga-duvar-panosu","title":{"rendered":"Bo\u011fa duvar panosu"},"content":{"rendered":"<p>\ud83d\uddbc\ufe0f Hayal G\u00fcc\u00fcne Can Veren Duvar Panolar\u0131!<br \/>\n\u00c7ocuklar i\u00e7in \u00f6zel olarak tasarlad\u0131\u011f\u0131m\u0131z poligonal hayvan temal\u0131 duvar panolar\u0131, odalar\u0131na e\u011flenceli ve sanatsal bir dokunu\u015f kat\u0131yor. \ud83d\udc3c\ud83e\udd84\ud83e\udd98<\/p>\n<p>Bu renkli ve modern panolar, hem dekoratif hem de ilham verici detaylar sunarak miniklerin hayal g\u00fcc\u00fcn\u00fc harekete ge\u00e7iriyor. Her bir hayvan fig\u00fcr\u00fc, dikkat \u00e7ekici bir g\u00f6r\u00fcn\u00fcm olu\u015fturuyor.<\/p>\n","protected":false},"excerpt":{"rendered":"<p>\ud83d\uddbc\ufe0f Hayal G\u00fcc\u00fcne Can Veren Duvar Panolar\u0131! \u00c7ocuklar i\u00e7in \u00f6zel olarak tasarlad\u0131\u011f\u0131m\u0131z poligonal hayvan temal\u0131 duvar panolar\u0131, odalar\u0131na e\u011flenceli ve sanatsal bir dokunu\u015f kat\u0131yor. \ud83d\udc3c\ud83e\udd84\ud83e\udd98 Bu renkli ve modern panolar, hem dekoratif hem de ilham verici detaylar sunarak miniklerin hayal g\u00fcc\u00fcn\u00fc harekete ge\u00e7iriyor. Her bir hayvan fig\u00fcr\u00fc, dikkat \u00e7ekici bir g\u00f6r\u00fcn\u00fcm olu\u015fturuyor.<\/p>\n","protected":false},"featured_media":3905,"comment_status":"open","ping_status":"closed","template":"","meta":[],"product_brand":[198],"product_cat":[195],"product_tag":[221],"class_list":{"0":"post-3904","1":"product","2":"type-product","3":"status-publish","4":"has-post-thumbnail","6":"product_brand-strudimora","7":"product_cat-duvar-panolari","8":"product_tag-boga","10":"first","11":"instock","12":"taxable","13":"shipping-taxable","14":"purchasable","15":"product-type-simple"},"aioseo_notices":[],"jetpack_sharing_enabled":true,"_links":{"self":[{"href":"https:\/\/www.strudimora.com\/index.php?rest_route=\/wp\/v2\/product\/3904","targetHints":{"allow":["GET"]}}],"collection":[{"href":"https:\/\/www.strudimora.com\/index.php?rest_route=\/wp\/v2\/product"}],"about":[{"href":"https:\/\/www.strudimora.com\/index.php?rest_route=\/wp\/v2\/types\/product"}],"replies":[{"embeddable":true,"href":"https:\/\/www.strudimora.com\/index.php?rest_route=%2Fwp%2Fv2%2Fcomments&post=3904"}],"wp:featuredmedia":[{"embeddable":true,"href":"https:\/\/www.strudimora.com\/index.php?rest_route=\/wp\/v2\/media\/3905"}],"wp:attachment":[{"href":"https:\/\/www.strudimora.com\/index.php?rest_route=%2Fwp%2Fv2%2Fmedia&parent=3904"}],"wp:term":[{"taxonomy":"product_brand","embeddable":true,"href":"https:\/\/www.strudimora.com\/index.php?rest_route=%2Fwp%2Fv2%2Fproduct_brand&post=3904"},{"taxonomy":"product_cat","embeddable":true,"href":"https:\/\/www.strudimora.com\/index.php?rest_route=%2Fwp%2Fv2%2Fproduct_cat&post=3904"},{"taxonomy":"product_tag","embeddable":true,"href":"https:\/\/www.strudimora.com\/index.php?rest_route=%2Fwp%2Fv2%2Fproduct_tag&post=3904"}],"curies":[{"name":"wp","href":"https:\/\/api.w.org\/{rel}","templated":true}]}}