{"id":3920,"date":"2025-02-12T11:18:40","date_gmt":"2025-02-12T11:18:40","guid":{"rendered":"https:\/\/www.strudimora.com\/?post_type=product&#038;p=3920"},"modified":"2026-01-05T11:04:23","modified_gmt":"2026-01-05T11:04:23","slug":"unicorn-bust-pano","status":"publish","type":"product","link":"https:\/\/www.strudimora.com\/?product=unicorn-bust-pano","title":{"rendered":"Unicorn b\u00fcst pano"},"content":{"rendered":"<p>Her bir tasar\u0131m, modern ve e\u011flenceli bir dokunu\u015fla duvarlar\u0131 canland\u0131r\u0131yor. Aslan, geyik, fil gibi hayvan fig\u00fcrleri ile odalara dinamizm kat\u0131yoruz.<\/p>\n","protected":false},"excerpt":{"rendered":"<p>Her bir tasar\u0131m, modern ve e\u011flenceli bir dokunu\u015fla duvarlar\u0131 canland\u0131r\u0131yor. Aslan, geyik, fil gibi hayvan fig\u00fcrleri ile odalara dinamizm kat\u0131yoruz.<\/p>\n","protected":false},"featured_media":3921,"comment_status":"open","ping_status":"closed","template":"","meta":[],"product_brand":[198],"product_cat":[196],"product_tag":[215],"class_list":{"0":"post-3920","1":"product","2":"type-product","3":"status-publish","4":"has-post-thumbnail","6":"product_brand-strudimora","7":"product_cat-bust-panolar","8":"product_tag-unicorn","10":"first","11":"instock","12":"taxable","13":"shipping-taxable","14":"purchasable","15":"product-type-simple"},"aioseo_notices":[],"jetpack_sharing_enabled":true,"_links":{"self":[{"href":"https:\/\/www.strudimora.com\/index.php?rest_route=\/wp\/v2\/product\/3920","targetHints":{"allow":["GET"]}}],"collection":[{"href":"https:\/\/www.strudimora.com\/index.php?rest_route=\/wp\/v2\/product"}],"about":[{"href":"https:\/\/www.strudimora.com\/index.php?rest_route=\/wp\/v2\/types\/product"}],"replies":[{"embeddable":true,"href":"https:\/\/www.strudimora.com\/index.php?rest_route=%2Fwp%2Fv2%2Fcomments&post=3920"}],"wp:featuredmedia":[{"embeddable":true,"href":"https:\/\/www.strudimora.com\/index.php?rest_route=\/wp\/v2\/media\/3921"}],"wp:attachment":[{"href":"https:\/\/www.strudimora.com\/index.php?rest_route=%2Fwp%2Fv2%2Fmedia&parent=3920"}],"wp:term":[{"taxonomy":"product_brand","embeddable":true,"href":"https:\/\/www.strudimora.com\/index.php?rest_route=%2Fwp%2Fv2%2Fproduct_brand&post=3920"},{"taxonomy":"product_cat","embeddable":true,"href":"https:\/\/www.strudimora.com\/index.php?rest_route=%2Fwp%2Fv2%2Fproduct_cat&post=3920"},{"taxonomy":"product_tag","embeddable":true,"href":"https:\/\/www.strudimora.com\/index.php?rest_route=%2Fwp%2Fv2%2Fproduct_tag&post=3920"}],"curies":[{"name":"wp","href":"https:\/\/api.w.org\/{rel}","templated":true}]}}