{"id":4150,"date":"2025-03-03T11:03:20","date_gmt":"2025-03-03T11:03:20","guid":{"rendered":"https:\/\/www.strudimora.com\/?post_type=product&#038;p=4150"},"modified":"2026-01-05T10:53:49","modified_gmt":"2026-01-05T10:53:49","slug":"boga-kitap-tutucu","status":"publish","type":"product","link":"https:\/\/www.strudimora.com\/?product=boga-kitap-tutucu","title":{"rendered":"Bo\u011fa Kitap Tutucu"},"content":{"rendered":"<p data-start=\"0\" data-end=\"49\"><strong data-start=\"0\" data-end=\"42\">Poligonal Bo\u011fa Kitap Tutucu!<\/strong> \ud83d\udc18\ud83d\udcda<\/p>\n<p data-start=\"51\" data-end=\"249\">Sevilen poligonal hayvan fig\u00fcrlerimizi \u015fimdi i\u015flevsel bir forma d\u00f6n\u00fc\u015ft\u00fcrd\u00fck! <strong data-start=\"128\" data-end=\"178\">\u0130ki par\u00e7adan olu\u015fan Poligonal Bo\u011fa Kitap Tutucu<\/strong>, hem kitaplar\u0131 d\u00fczenli tutuyor hem de dekoratif bir dokunu\u015f kat\u0131yor.<\/p>\n<p data-start=\"251\" data-end=\"459\">Minimalist ve modern tasar\u0131m\u0131yla \u00e7ocuk odalar\u0131ndan \u00e7al\u0131\u015fma alanlar\u0131na kadar her k\u00f6\u015feye uyum sa\u011fl\u0131yor. \u015e\u0131k ve estetik g\u00f6r\u00fcn\u00fcm\u00fcyle raflar\u0131n\u0131za karakter katacak bu \u00f6zel tasar\u0131m \u015fimdi <strong data-start=\"431\" data-end=\"457\">Strudimora&#8217;da sat\u0131\u015fta!<\/strong><\/p>\n","protected":false},"excerpt":{"rendered":"<p>Poligonal Bo\u011fa Kitap Tutucu! \ud83d\udc18\ud83d\udcda Sevilen poligonal hayvan fig\u00fcrlerimizi \u015fimdi i\u015flevsel bir forma d\u00f6n\u00fc\u015ft\u00fcrd\u00fck! \u0130ki par\u00e7adan olu\u015fan Poligonal Bo\u011fa Kitap Tutucu, hem kitaplar\u0131 d\u00fczenli tutuyor hem de dekoratif bir dokunu\u015f kat\u0131yor. Minimalist ve modern tasar\u0131m\u0131yla \u00e7ocuk odalar\u0131ndan \u00e7al\u0131\u015fma alanlar\u0131na kadar her k\u00f6\u015feye uyum sa\u011fl\u0131yor. \u015e\u0131k ve estetik g\u00f6r\u00fcn\u00fcm\u00fcyle raflar\u0131n\u0131za karakter katacak bu \u00f6zel tasar\u0131m \u015fimdi [&hellip;]<\/p>\n","protected":false},"featured_media":4151,"comment_status":"open","ping_status":"closed","template":"","meta":[],"product_brand":[198],"product_cat":[248],"product_tag":[221,249,250],"class_list":{"0":"post-4150","1":"product","2":"type-product","3":"status-publish","4":"has-post-thumbnail","6":"product_brand-strudimora","7":"product_cat-kitaptutucular","8":"product_tag-boga","9":"product_tag-kitap","10":"product_tag-kitap-tutucu","12":"first","13":"instock","14":"taxable","15":"shipping-taxable","16":"purchasable","17":"product-type-simple"},"aioseo_notices":[],"jetpack_sharing_enabled":true,"_links":{"self":[{"href":"https:\/\/www.strudimora.com\/index.php?rest_route=\/wp\/v2\/product\/4150","targetHints":{"allow":["GET"]}}],"collection":[{"href":"https:\/\/www.strudimora.com\/index.php?rest_route=\/wp\/v2\/product"}],"about":[{"href":"https:\/\/www.strudimora.com\/index.php?rest_route=\/wp\/v2\/types\/product"}],"replies":[{"embeddable":true,"href":"https:\/\/www.strudimora.com\/index.php?rest_route=%2Fwp%2Fv2%2Fcomments&post=4150"}],"wp:featuredmedia":[{"embeddable":true,"href":"https:\/\/www.strudimora.com\/index.php?rest_route=\/wp\/v2\/media\/4151"}],"wp:attachment":[{"href":"https:\/\/www.strudimora.com\/index.php?rest_route=%2Fwp%2Fv2%2Fmedia&parent=4150"}],"wp:term":[{"taxonomy":"product_brand","embeddable":true,"href":"https:\/\/www.strudimora.com\/index.php?rest_route=%2Fwp%2Fv2%2Fproduct_brand&post=4150"},{"taxonomy":"product_cat","embeddable":true,"href":"https:\/\/www.strudimora.com\/index.php?rest_route=%2Fwp%2Fv2%2Fproduct_cat&post=4150"},{"taxonomy":"product_tag","embeddable":true,"href":"https:\/\/www.strudimora.com\/index.php?rest_route=%2Fwp%2Fv2%2Fproduct_tag&post=4150"}],"curies":[{"name":"wp","href":"https:\/\/api.w.org\/{rel}","templated":true}]}}