{"id":4210,"date":"2025-03-22T13:59:47","date_gmt":"2025-03-22T13:59:47","guid":{"rendered":"https:\/\/www.strudimora.com\/?post_type=product&#038;p=4210"},"modified":"2026-01-05T10:46:26","modified_gmt":"2026-01-05T10:46:26","slug":"londra-sehir-panosu","status":"publish","type":"product","link":"https:\/\/www.strudimora.com\/?product=londra-sehir-panosu","title":{"rendered":"Londra \u015eehir Panosu"},"content":{"rendered":"<p>Londra\u2019n\u0131n \u0130konik Silueti \u015eimdi Ya\u015fam Alanlar\u0131n\u0131zda!<\/p>\n<p>\u015eehrin kalbi Londra, Thames Nehri boyunca uzanan silueti ve ikonik yap\u0131lar\u0131yla art\u0131k masa\u00fcst\u00fc dekoru ve duvar panosu olarak tasarland\u0131!<\/p>\n<p>Tower Bridge\u2019den The Shard\u2019a, kentin karakteristik detaylar\u0131n\u0131 i\u00e7eren bu \u00f6zel 3D \u015fehir panosu, modern ve \u015f\u0131k bir atmosfer yaratmak i\u00e7in ideal.<\/p>\n","protected":false},"excerpt":{"rendered":"<p>Londra\u2019n\u0131n \u0130konik Silueti \u015eimdi Ya\u015fam Alanlar\u0131n\u0131zda! \u015eehrin kalbi Londra, Thames Nehri boyunca uzanan silueti ve ikonik yap\u0131lar\u0131yla art\u0131k masa\u00fcst\u00fc dekoru ve duvar panosu olarak tasarland\u0131! Tower Bridge\u2019den The Shard\u2019a, kentin karakteristik detaylar\u0131n\u0131 i\u00e7eren bu \u00f6zel 3D \u015fehir panosu, modern ve \u015f\u0131k bir atmosfer yaratmak i\u00e7in ideal.<\/p>\n","protected":false},"featured_media":4211,"comment_status":"open","ping_status":"closed","template":"","meta":[],"product_brand":[198],"product_cat":[254],"product_tag":[257],"class_list":{"0":"post-4210","1":"product","2":"type-product","3":"status-publish","4":"has-post-thumbnail","6":"product_brand-strudimora","7":"product_cat-sehir-panolari","8":"product_tag-londra","10":"first","11":"instock","12":"taxable","13":"shipping-taxable","14":"purchasable","15":"product-type-simple"},"aioseo_notices":[],"jetpack_sharing_enabled":true,"_links":{"self":[{"href":"https:\/\/www.strudimora.com\/index.php?rest_route=\/wp\/v2\/product\/4210","targetHints":{"allow":["GET"]}}],"collection":[{"href":"https:\/\/www.strudimora.com\/index.php?rest_route=\/wp\/v2\/product"}],"about":[{"href":"https:\/\/www.strudimora.com\/index.php?rest_route=\/wp\/v2\/types\/product"}],"replies":[{"embeddable":true,"href":"https:\/\/www.strudimora.com\/index.php?rest_route=%2Fwp%2Fv2%2Fcomments&post=4210"}],"wp:featuredmedia":[{"embeddable":true,"href":"https:\/\/www.strudimora.com\/index.php?rest_route=\/wp\/v2\/media\/4211"}],"wp:attachment":[{"href":"https:\/\/www.strudimora.com\/index.php?rest_route=%2Fwp%2Fv2%2Fmedia&parent=4210"}],"wp:term":[{"taxonomy":"product_brand","embeddable":true,"href":"https:\/\/www.strudimora.com\/index.php?rest_route=%2Fwp%2Fv2%2Fproduct_brand&post=4210"},{"taxonomy":"product_cat","embeddable":true,"href":"https:\/\/www.strudimora.com\/index.php?rest_route=%2Fwp%2Fv2%2Fproduct_cat&post=4210"},{"taxonomy":"product_tag","embeddable":true,"href":"https:\/\/www.strudimora.com\/index.php?rest_route=%2Fwp%2Fv2%2Fproduct_tag&post=4210"}],"curies":[{"name":"wp","href":"https:\/\/api.w.org\/{rel}","templated":true}]}}