{"id":4233,"date":"2025-04-10T18:17:56","date_gmt":"2025-04-10T18:17:56","guid":{"rendered":"https:\/\/www.strudimora.com\/?post_type=product&#038;p=4233"},"modified":"2025-04-10T18:17:57","modified_gmt":"2025-04-10T18:17:57","slug":"blue-macaw","status":"publish","type":"product","link":"https:\/\/www.strudimora.com\/?product=blue-macaw","title":{"rendered":"Blue Macaw"},"content":{"rendered":"<p class=\"\" data-start=\"146\" data-end=\"382\">Strudimora\u2019n\u0131n \u00f6zel poligonal tablo serisinde yer alan <strong data-start=\"201\" data-end=\"215\">Blue Macaw<\/strong>, zarafeti ve sakinli\u011fiyle tropikal do\u011fan\u0131n b\u00fcy\u00fcleyici bir temsilini sunuyor. Origami ilhaml\u0131 geometrik formlar, bu egzotik ku\u015fu modern bir sanat eserine d\u00f6n\u00fc\u015ft\u00fcr\u00fcyor.<\/p>\n<p class=\"\" data-start=\"384\" data-end=\"551\">50&#215;50 cm \u00f6l\u00e7\u00fclerindeki tablo, yal\u0131n \u00e7er\u00e7evesiyle her ortama kolayca uyum sa\u011flarken; mavi tonlar\u0131n\u0131n huzur veren etkisiyle ya\u015fam alanlar\u0131n\u0131za estetik bir soluk kat\u0131yor.<\/p>\n<p class=\"\" data-start=\"553\" data-end=\"636\"><strong data-start=\"553\" data-end=\"636\">Blue Macaw ile duvarlar\u0131n\u0131zda sade ama etkileyici bir atmosfer olu\u015fturun.<\/strong><\/p>\n","protected":false},"excerpt":{"rendered":"<p>Strudimora\u2019n\u0131n \u00f6zel poligonal tablo serisinde yer alan Blue Macaw, zarafeti ve sakinli\u011fiyle tropikal do\u011fan\u0131n b\u00fcy\u00fcleyici bir temsilini sunuyor. Origami ilhaml\u0131 geometrik formlar, bu egzotik ku\u015fu modern bir sanat eserine d\u00f6n\u00fc\u015ft\u00fcr\u00fcyor. 50&#215;50 cm \u00f6l\u00e7\u00fclerindeki tablo, yal\u0131n \u00e7er\u00e7evesiyle her ortama kolayca uyum sa\u011flarken; mavi tonlar\u0131n\u0131n huzur veren etkisiyle ya\u015fam alanlar\u0131n\u0131za estetik bir soluk kat\u0131yor. Blue Macaw ile [&hellip;]<\/p>\n","protected":false},"featured_media":4234,"comment_status":"open","ping_status":"closed","template":"","meta":[],"product_brand":[198],"product_cat":[258],"product_tag":[262,260,261],"class_list":{"0":"post-4233","1":"product","2":"type-product","3":"status-publish","4":"has-post-thumbnail","6":"product_brand-strudimora","7":"product_cat-tablolar","8":"product_tag-blue-macaw","9":"product_tag-papagan","10":"product_tag-tablo","12":"first","13":"instock","14":"sale","15":"taxable","16":"shipping-taxable","17":"purchasable","18":"product-type-variable"},"aioseo_notices":[],"jetpack_sharing_enabled":true,"_links":{"self":[{"href":"https:\/\/www.strudimora.com\/index.php?rest_route=\/wp\/v2\/product\/4233","targetHints":{"allow":["GET"]}}],"collection":[{"href":"https:\/\/www.strudimora.com\/index.php?rest_route=\/wp\/v2\/product"}],"about":[{"href":"https:\/\/www.strudimora.com\/index.php?rest_route=\/wp\/v2\/types\/product"}],"replies":[{"embeddable":true,"href":"https:\/\/www.strudimora.com\/index.php?rest_route=%2Fwp%2Fv2%2Fcomments&post=4233"}],"wp:featuredmedia":[{"embeddable":true,"href":"https:\/\/www.strudimora.com\/index.php?rest_route=\/wp\/v2\/media\/4234"}],"wp:attachment":[{"href":"https:\/\/www.strudimora.com\/index.php?rest_route=%2Fwp%2Fv2%2Fmedia&parent=4233"}],"wp:term":[{"taxonomy":"product_brand","embeddable":true,"href":"https:\/\/www.strudimora.com\/index.php?rest_route=%2Fwp%2Fv2%2Fproduct_brand&post=4233"},{"taxonomy":"product_cat","embeddable":true,"href":"https:\/\/www.strudimora.com\/index.php?rest_route=%2Fwp%2Fv2%2Fproduct_cat&post=4233"},{"taxonomy":"product_tag","embeddable":true,"href":"https:\/\/www.strudimora.com\/index.php?rest_route=%2Fwp%2Fv2%2Fproduct_tag&post=4233"}],"curies":[{"name":"wp","href":"https:\/\/api.w.org\/{rel}","templated":true}]}}