{"id":4249,"date":"2025-04-12T17:21:31","date_gmt":"2025-04-12T17:21:31","guid":{"rendered":"https:\/\/www.strudimora.com\/?post_type=product&#038;p=4249"},"modified":"2026-01-05T10:46:15","modified_gmt":"2026-01-05T10:46:15","slug":"newyork-sehir-panosu","status":"publish","type":"product","link":"https:\/\/www.strudimora.com\/?product=newyork-sehir-panosu","title":{"rendered":"Newyork \u015eehir Panosu"},"content":{"rendered":"<p class=\"\" data-start=\"78\" data-end=\"121\"><strong data-start=\"78\" data-end=\"121\">Manhattan\u00a0 \u015eehir Panosu<\/strong><\/p>\n<p class=\"\" data-start=\"123\" data-end=\"417\">New York&#8217;un ikonik sil\u00fcetini masa\u00fcst\u00fcn\u00fcze ta\u015f\u0131yan bu \u00f6zel tasar\u0131m, <strong data-start=\"190\" data-end=\"203\">Manhattan<\/strong>\u2019\u0131n g\u00fcney ucunu detayl\u0131 bir bi\u00e7imde \u00fc\u00e7 boyutlu olarak yans\u0131t\u0131yor. Strudimora dokunu\u015fuyla olu\u015fturulan bu 3D \u015fehir haritas\u0131, mimariye ve \u015fehir planlamas\u0131na ilgi duyanlar i\u00e7in hem estetik hem de ilham verici bir obje.<\/p>\n<p class=\"\" data-start=\"419\" data-end=\"705\">Her bir bina, sokak ve iskele detay\u0131 titizlikle modellenerek siyah zemin \u00fczerine kontrast olu\u015fturacak \u015fekilde yerle\u015ftirildi. Ofis masalar\u0131nda, \u00e7al\u0131\u015fma alanlar\u0131nda ya da duvar panosu olarak sergilenebilecek bu \u00fcr\u00fcn, zamans\u0131z bir \u015fehir olan New York\u2019u modern tasar\u0131m diliyle bulu\u015fturuyor.<\/p>\n<p class=\"\" data-start=\"707\" data-end=\"778\"><strong data-start=\"707\" data-end=\"778\">Manhattan \u015eehir Panosu ile metropol ruhunu ya\u015fam alanlar\u0131n\u0131za ta\u015f\u0131y\u0131n.<\/strong><\/p>\n","protected":false},"excerpt":{"rendered":"<p>Manhattan\u00a0 \u015eehir Panosu New York&#8217;un ikonik sil\u00fcetini masa\u00fcst\u00fcn\u00fcze ta\u015f\u0131yan bu \u00f6zel tasar\u0131m, Manhattan\u2019\u0131n g\u00fcney ucunu detayl\u0131 bir bi\u00e7imde \u00fc\u00e7 boyutlu olarak yans\u0131t\u0131yor. Strudimora dokunu\u015fuyla olu\u015fturulan bu 3D \u015fehir haritas\u0131, mimariye ve \u015fehir planlamas\u0131na ilgi duyanlar i\u00e7in hem estetik hem de ilham verici bir obje. Her bir bina, sokak ve iskele detay\u0131 titizlikle modellenerek siyah zemin [&hellip;]<\/p>\n","protected":false},"featured_media":4250,"comment_status":"open","ping_status":"closed","template":"","meta":[],"product_brand":[198],"product_cat":[254],"product_tag":[264,265],"class_list":{"0":"post-4249","1":"product","2":"type-product","3":"status-publish","4":"has-post-thumbnail","6":"product_brand-strudimora","7":"product_cat-sehir-panolari","8":"product_tag-newyork","9":"product_tag-nyc","11":"first","12":"instock","13":"taxable","14":"shipping-taxable","15":"purchasable","16":"product-type-simple"},"aioseo_notices":[],"jetpack_sharing_enabled":true,"_links":{"self":[{"href":"https:\/\/www.strudimora.com\/index.php?rest_route=\/wp\/v2\/product\/4249","targetHints":{"allow":["GET"]}}],"collection":[{"href":"https:\/\/www.strudimora.com\/index.php?rest_route=\/wp\/v2\/product"}],"about":[{"href":"https:\/\/www.strudimora.com\/index.php?rest_route=\/wp\/v2\/types\/product"}],"replies":[{"embeddable":true,"href":"https:\/\/www.strudimora.com\/index.php?rest_route=%2Fwp%2Fv2%2Fcomments&post=4249"}],"wp:featuredmedia":[{"embeddable":true,"href":"https:\/\/www.strudimora.com\/index.php?rest_route=\/wp\/v2\/media\/4250"}],"wp:attachment":[{"href":"https:\/\/www.strudimora.com\/index.php?rest_route=%2Fwp%2Fv2%2Fmedia&parent=4249"}],"wp:term":[{"taxonomy":"product_brand","embeddable":true,"href":"https:\/\/www.strudimora.com\/index.php?rest_route=%2Fwp%2Fv2%2Fproduct_brand&post=4249"},{"taxonomy":"product_cat","embeddable":true,"href":"https:\/\/www.strudimora.com\/index.php?rest_route=%2Fwp%2Fv2%2Fproduct_cat&post=4249"},{"taxonomy":"product_tag","embeddable":true,"href":"https:\/\/www.strudimora.com\/index.php?rest_route=%2Fwp%2Fv2%2Fproduct_tag&post=4249"}],"curies":[{"name":"wp","href":"https:\/\/api.w.org\/{rel}","templated":true}]}}