{"id":4254,"date":"2025-04-15T15:40:56","date_gmt":"2025-04-15T15:40:56","guid":{"rendered":"https:\/\/www.strudimora.com\/?post_type=product&#038;p=4254"},"modified":"2025-04-15T15:46:36","modified_gmt":"2025-04-15T15:46:36","slug":"toucan","status":"publish","type":"product","link":"https:\/\/www.strudimora.com\/?product=toucan","title":{"rendered":"Toucan"},"content":{"rendered":"<p class=\"\" data-start=\"74\" data-end=\"150\">Toucan \u2013 Origami Stilinde Poligonal Tablo Serisi<\/p>\n<p>Tropikal ormanlar\u0131n en dikkat \u00e7ekici ku\u015flar\u0131ndan biri olan Toucan, Strudimora\u2019n\u0131n \u00f6zg\u00fcn tasar\u0131m\u0131yla geometrik bir sanat eserine d\u00f6n\u00fc\u015ft\u00fc. Minimalist beyaz bir zemin \u00fczerine yerle\u015ftirilen bu \u00e7okgen formlu tasar\u0131m, ku\u015fun karakteristik dev gagas\u0131n\u0131 sar\u0131dan k\u0131rm\u0131z\u0131ya uzanan renk ge\u00e7i\u015fleriyle vurgularken, siyah g\u00f6vdesiyle \u00e7arp\u0131c\u0131 bir kontrast yarat\u0131yor.<\/p>\n<p>Modern, sade ve etkileyici\u2026 Toucan duvar dekoru; salonlardan \u00e7ocuk odalar\u0131na kadar her mek\u00e2na ne\u015feli, sofistike ve \u00f6zg\u00fcn bir hava katmak i\u00e7in tasarland\u0131.<\/p>\n<p>Do\u011fan\u0131n renklerini stil sahibi bir yorumla ya\u015fam alanlar\u0131n\u0131za ta\u015f\u0131y\u0131n.<\/p>\n","protected":false},"excerpt":{"rendered":"<p>Toucan \u2013 Origami Stilinde Poligonal Tablo Serisi Tropikal ormanlar\u0131n en dikkat \u00e7ekici ku\u015flar\u0131ndan biri olan Toucan, Strudimora\u2019n\u0131n \u00f6zg\u00fcn tasar\u0131m\u0131yla geometrik bir sanat eserine d\u00f6n\u00fc\u015ft\u00fc. Minimalist beyaz bir zemin \u00fczerine yerle\u015ftirilen bu \u00e7okgen formlu tasar\u0131m, ku\u015fun karakteristik dev gagas\u0131n\u0131 sar\u0131dan k\u0131rm\u0131z\u0131ya uzanan renk ge\u00e7i\u015fleriyle vurgularken, siyah g\u00f6vdesiyle \u00e7arp\u0131c\u0131 bir kontrast yarat\u0131yor. Modern, sade ve etkileyici\u2026 Toucan [&hellip;]<\/p>\n","protected":false},"featured_media":4255,"comment_status":"open","ping_status":"closed","template":"","meta":[],"product_brand":[198],"product_cat":[258],"product_tag":[260,261,266],"class_list":{"0":"post-4254","1":"product","2":"type-product","3":"status-publish","4":"has-post-thumbnail","6":"product_brand-strudimora","7":"product_cat-tablolar","8":"product_tag-papagan","9":"product_tag-tablo","10":"product_tag-toucan","12":"first","13":"instock","14":"sale","15":"taxable","16":"shipping-taxable","17":"purchasable","18":"product-type-simple"},"aioseo_notices":[],"jetpack_sharing_enabled":true,"_links":{"self":[{"href":"https:\/\/www.strudimora.com\/index.php?rest_route=\/wp\/v2\/product\/4254","targetHints":{"allow":["GET"]}}],"collection":[{"href":"https:\/\/www.strudimora.com\/index.php?rest_route=\/wp\/v2\/product"}],"about":[{"href":"https:\/\/www.strudimora.com\/index.php?rest_route=\/wp\/v2\/types\/product"}],"replies":[{"embeddable":true,"href":"https:\/\/www.strudimora.com\/index.php?rest_route=%2Fwp%2Fv2%2Fcomments&post=4254"}],"wp:featuredmedia":[{"embeddable":true,"href":"https:\/\/www.strudimora.com\/index.php?rest_route=\/wp\/v2\/media\/4255"}],"wp:attachment":[{"href":"https:\/\/www.strudimora.com\/index.php?rest_route=%2Fwp%2Fv2%2Fmedia&parent=4254"}],"wp:term":[{"taxonomy":"product_brand","embeddable":true,"href":"https:\/\/www.strudimora.com\/index.php?rest_route=%2Fwp%2Fv2%2Fproduct_brand&post=4254"},{"taxonomy":"product_cat","embeddable":true,"href":"https:\/\/www.strudimora.com\/index.php?rest_route=%2Fwp%2Fv2%2Fproduct_cat&post=4254"},{"taxonomy":"product_tag","embeddable":true,"href":"https:\/\/www.strudimora.com\/index.php?rest_route=%2Fwp%2Fv2%2Fproduct_tag&post=4254"}],"curies":[{"name":"wp","href":"https:\/\/api.w.org\/{rel}","templated":true}]}}