{"id":4285,"date":"2025-04-27T17:13:20","date_gmt":"2025-04-27T17:13:20","guid":{"rendered":"https:\/\/www.strudimora.com\/?post_type=product&#038;p=4285"},"modified":"2026-01-05T10:40:48","modified_gmt":"2026-01-05T10:40:48","slug":"3lu-klasik-balon-sarkit-set","status":"publish","type":"product","link":"https:\/\/www.strudimora.com\/?product=3lu-klasik-balon-sarkit-set","title":{"rendered":"3&#8217;l\u00fc Klasik Balon sark\u0131t set"},"content":{"rendered":"<p>G\u00f6ky\u00fcz\u00fcnden odan\u0131za tatl\u0131 bir dokunu\u015f! \u2601\ufe0f\ud83c\udf88<\/p>\n<p>Kendi tasar\u0131m\u0131m\u0131z ve \u00fcretimimiz olan Klasik Balon Sark\u0131t lambalar\u0131m\u0131z \u015fimdi \u00fc\u00e7l\u00fc set olarak da sat\u0131\u015fta! 1 large, 1 medium ve 1 small balonlar\u0131 tek bir \u015f\u0131k bulut tepsisinde birle\u015ftirdik. \u00dcstelik sepet rengini siz se\u00e7in! \u2728<\/p>\n","protected":false},"excerpt":{"rendered":"<p>G\u00f6ky\u00fcz\u00fcnden odan\u0131za tatl\u0131 bir dokunu\u015f! \u2601\ufe0f\ud83c\udf88 Kendi tasar\u0131m\u0131m\u0131z ve \u00fcretimimiz olan Klasik Balon Sark\u0131t lambalar\u0131m\u0131z \u015fimdi \u00fc\u00e7l\u00fc set olarak da sat\u0131\u015fta! 1 large, 1 medium ve 1 small balonlar\u0131 tek bir \u015f\u0131k bulut tepsisinde birle\u015ftirdik. \u00dcstelik sepet rengini siz se\u00e7in! \u2728<\/p>\n","protected":false},"featured_media":4287,"comment_status":"open","ping_status":"closed","template":"","meta":[],"product_brand":[198],"product_cat":[194],"product_tag":[223,224,246],"class_list":{"0":"post-4285","1":"product","2":"type-product","3":"status-publish","4":"has-post-thumbnail","6":"product_brand-strudimora","7":"product_cat-balonlamba","8":"product_tag-balon","9":"product_tag-balon-lamba","10":"product_tag-balon-sarkit","12":"first","13":"instock","14":"taxable","15":"shipping-taxable","16":"purchasable","17":"product-type-variable"},"aioseo_notices":[],"jetpack_sharing_enabled":true,"_links":{"self":[{"href":"https:\/\/www.strudimora.com\/index.php?rest_route=\/wp\/v2\/product\/4285","targetHints":{"allow":["GET"]}}],"collection":[{"href":"https:\/\/www.strudimora.com\/index.php?rest_route=\/wp\/v2\/product"}],"about":[{"href":"https:\/\/www.strudimora.com\/index.php?rest_route=\/wp\/v2\/types\/product"}],"replies":[{"embeddable":true,"href":"https:\/\/www.strudimora.com\/index.php?rest_route=%2Fwp%2Fv2%2Fcomments&post=4285"}],"wp:featuredmedia":[{"embeddable":true,"href":"https:\/\/www.strudimora.com\/index.php?rest_route=\/wp\/v2\/media\/4287"}],"wp:attachment":[{"href":"https:\/\/www.strudimora.com\/index.php?rest_route=%2Fwp%2Fv2%2Fmedia&parent=4285"}],"wp:term":[{"taxonomy":"product_brand","embeddable":true,"href":"https:\/\/www.strudimora.com\/index.php?rest_route=%2Fwp%2Fv2%2Fproduct_brand&post=4285"},{"taxonomy":"product_cat","embeddable":true,"href":"https:\/\/www.strudimora.com\/index.php?rest_route=%2Fwp%2Fv2%2Fproduct_cat&post=4285"},{"taxonomy":"product_tag","embeddable":true,"href":"https:\/\/www.strudimora.com\/index.php?rest_route=%2Fwp%2Fv2%2Fproduct_tag&post=4285"}],"curies":[{"name":"wp","href":"https:\/\/api.w.org\/{rel}","templated":true}]}}