{"id":4332,"date":"2025-05-16T22:09:23","date_gmt":"2025-05-16T22:09:23","guid":{"rendered":"https:\/\/www.strudimora.com\/?post_type=product&#038;p=4332"},"modified":"2025-07-15T09:50:19","modified_gmt":"2025-07-15T09:50:19","slug":"love","status":"publish","type":"product","link":"https:\/\/www.strudimora.com\/?product=love","title":{"rendered":"Love"},"content":{"rendered":"<p>Her biri ayr\u0131 bir karakter \ud83c\udfad<br \/>\nBirlikte bir mesaj: LOVE \ud83d\udc8c<br \/>\n100&#215;100 cm\u2019lik bu tablo, onlarca fig\u00fcr\u00fcn bir araya gelerek olu\u015fturdu\u011fu duygusal bir kompozisyon \ud83d\udcab<br \/>\nRenk, form ve hareket; hepsi tam yerinde, tam zaman\u0131nda \ud83c\udfa8<br \/>\nSanki duvarda de\u011fil, sahnede bir an donmu\u015f gibi \ud83d\udd7a\ud83e\uddcd\u200d\u2640\ufe0f\ud83d\udc83<br \/>\nHem e\u011flenceli hem d\u00fc\u015f\u00fcnd\u00fcr\u00fcc\u00fc \u2014 t\u0131pk\u0131 a\u015fk gibi \ud83d\udca5<\/p>\n","protected":false},"excerpt":{"rendered":"<p>Her biri ayr\u0131 bir karakter \ud83c\udfad Birlikte bir mesaj: LOVE \ud83d\udc8c 100&#215;100 cm\u2019lik bu tablo, onlarca fig\u00fcr\u00fcn bir araya gelerek olu\u015fturdu\u011fu duygusal bir kompozisyon \ud83d\udcab Renk, form ve hareket; hepsi tam yerinde, tam zaman\u0131nda \ud83c\udfa8 Sanki duvarda de\u011fil, sahnede bir an donmu\u015f gibi \ud83d\udd7a\ud83e\uddcd\u200d\u2640\ufe0f\ud83d\udc83 Hem e\u011flenceli hem d\u00fc\u015f\u00fcnd\u00fcr\u00fcc\u00fc \u2014 t\u0131pk\u0131 a\u015fk gibi \ud83d\udca5<\/p>\n","protected":false},"featured_media":4333,"comment_status":"open","ping_status":"closed","template":"","meta":[],"product_brand":[198],"product_cat":[258],"product_tag":[200],"class_list":{"0":"post-4332","1":"product","2":"type-product","3":"status-publish","4":"has-post-thumbnail","6":"product_brand-strudimora","7":"product_cat-tablolar","8":"product_tag-love","10":"first","11":"instock","12":"taxable","13":"shipping-taxable","14":"purchasable","15":"product-type-simple"},"aioseo_notices":[],"jetpack_sharing_enabled":true,"_links":{"self":[{"href":"https:\/\/www.strudimora.com\/index.php?rest_route=\/wp\/v2\/product\/4332","targetHints":{"allow":["GET"]}}],"collection":[{"href":"https:\/\/www.strudimora.com\/index.php?rest_route=\/wp\/v2\/product"}],"about":[{"href":"https:\/\/www.strudimora.com\/index.php?rest_route=\/wp\/v2\/types\/product"}],"replies":[{"embeddable":true,"href":"https:\/\/www.strudimora.com\/index.php?rest_route=%2Fwp%2Fv2%2Fcomments&post=4332"}],"wp:featuredmedia":[{"embeddable":true,"href":"https:\/\/www.strudimora.com\/index.php?rest_route=\/wp\/v2\/media\/4333"}],"wp:attachment":[{"href":"https:\/\/www.strudimora.com\/index.php?rest_route=%2Fwp%2Fv2%2Fmedia&parent=4332"}],"wp:term":[{"taxonomy":"product_brand","embeddable":true,"href":"https:\/\/www.strudimora.com\/index.php?rest_route=%2Fwp%2Fv2%2Fproduct_brand&post=4332"},{"taxonomy":"product_cat","embeddable":true,"href":"https:\/\/www.strudimora.com\/index.php?rest_route=%2Fwp%2Fv2%2Fproduct_cat&post=4332"},{"taxonomy":"product_tag","embeddable":true,"href":"https:\/\/www.strudimora.com\/index.php?rest_route=%2Fwp%2Fv2%2Fproduct_tag&post=4332"}],"curies":[{"name":"wp","href":"https:\/\/api.w.org\/{rel}","templated":true}]}}