{"id":4436,"date":"2025-06-20T17:06:01","date_gmt":"2025-06-20T17:06:01","guid":{"rendered":"https:\/\/www.strudimora.com\/?post_type=product&#038;p=4436"},"modified":"2026-01-05T10:13:47","modified_gmt":"2026-01-05T10:13:47","slug":"brivvo-dikey-sarkit-v2","status":"publish","type":"product","link":"https:\/\/www.strudimora.com\/?product=brivvo-dikey-sarkit-v2","title":{"rendered":"Brivvo Dikey Sark\u0131t v2"},"content":{"rendered":"<p data-start=\"80\" data-end=\"335\">\ud83c\udf88 Yeni Brivvo Dikey Sark\u0131t \u2728<br data-start=\"109\" data-end=\"112\" \/>Soft tonlardaki bloklar\u0131yla hem e\u011flenceli hem de sakin bir atmosfer olu\u015fturan bu \u00f6zel tasar\u0131m, \u00e7ocuk odalar\u0131na ne\u015fe kat\u0131yor.<br data-start=\"236\" data-end=\"239\" \/>I\u015f\u0131\u011f\u0131n yumu\u015fak yay\u0131l\u0131m\u0131 ve pastel renklerin uyumu, modern ve oyun dolu bir g\u00f6r\u00fcn\u00fcm sunuyor. \ud83c\udf1f<\/p>\n<p data-start=\"337\" data-end=\"489\">T\u00fcm par\u00e7alar tek tek d\u00f6nebilir yap\u0131da ve farkl\u0131 renk kombinasyonlar\u0131yla \u00f6zelle\u015ftirilebilir.<br data-start=\"428\" data-end=\"431\" \/>Brivvo koleksiyonunun en yeni \u00fcyesi \u015fimdi sizlerle! \ud83d\udca1\ud83e\udde9<\/p>\n<p data-start=\"491\" data-end=\"596\">\n","protected":false},"excerpt":{"rendered":"<p>\ud83c\udf88 Yeni Brivvo Dikey Sark\u0131t \u2728Soft tonlardaki bloklar\u0131yla hem e\u011flenceli hem de sakin bir atmosfer olu\u015fturan bu \u00f6zel tasar\u0131m, \u00e7ocuk odalar\u0131na ne\u015fe kat\u0131yor.I\u015f\u0131\u011f\u0131n yumu\u015fak yay\u0131l\u0131m\u0131 ve pastel renklerin uyumu, modern ve oyun dolu bir g\u00f6r\u00fcn\u00fcm sunuyor. \ud83c\udf1f T\u00fcm par\u00e7alar tek tek d\u00f6nebilir yap\u0131da ve farkl\u0131 renk kombinasyonlar\u0131yla \u00f6zelle\u015ftirilebilir.Brivvo koleksiyonunun en yeni \u00fcyesi \u015fimdi sizlerle! \ud83d\udca1\ud83e\udde9<\/p>\n","protected":false},"featured_media":4437,"comment_status":"open","ping_status":"closed","template":"","meta":[],"product_brand":[198],"product_cat":[282,269],"product_tag":[275,238],"class_list":{"0":"post-4436","1":"product","2":"type-product","3":"status-publish","4":"has-post-thumbnail","6":"product_brand-strudimora","7":"product_cat-brivvo","8":"product_cat-sarkit-lamba","9":"product_tag-brivvo","10":"product_tag-sarkit","12":"first","13":"instock","14":"taxable","15":"shipping-taxable","16":"purchasable","17":"product-type-simple"},"aioseo_notices":[],"jetpack_sharing_enabled":true,"_links":{"self":[{"href":"https:\/\/www.strudimora.com\/index.php?rest_route=\/wp\/v2\/product\/4436","targetHints":{"allow":["GET"]}}],"collection":[{"href":"https:\/\/www.strudimora.com\/index.php?rest_route=\/wp\/v2\/product"}],"about":[{"href":"https:\/\/www.strudimora.com\/index.php?rest_route=\/wp\/v2\/types\/product"}],"replies":[{"embeddable":true,"href":"https:\/\/www.strudimora.com\/index.php?rest_route=%2Fwp%2Fv2%2Fcomments&post=4436"}],"wp:featuredmedia":[{"embeddable":true,"href":"https:\/\/www.strudimora.com\/index.php?rest_route=\/wp\/v2\/media\/4437"}],"wp:attachment":[{"href":"https:\/\/www.strudimora.com\/index.php?rest_route=%2Fwp%2Fv2%2Fmedia&parent=4436"}],"wp:term":[{"taxonomy":"product_brand","embeddable":true,"href":"https:\/\/www.strudimora.com\/index.php?rest_route=%2Fwp%2Fv2%2Fproduct_brand&post=4436"},{"taxonomy":"product_cat","embeddable":true,"href":"https:\/\/www.strudimora.com\/index.php?rest_route=%2Fwp%2Fv2%2Fproduct_cat&post=4436"},{"taxonomy":"product_tag","embeddable":true,"href":"https:\/\/www.strudimora.com\/index.php?rest_route=%2Fwp%2Fv2%2Fproduct_tag&post=4436"}],"curies":[{"name":"wp","href":"https:\/\/api.w.org\/{rel}","templated":true}]}}