{"id":4463,"date":"2025-07-08T19:02:16","date_gmt":"2025-07-08T19:02:16","guid":{"rendered":"https:\/\/www.strudimora.com\/?post_type=product&#038;p=4463"},"modified":"2026-01-05T10:13:28","modified_gmt":"2026-01-05T10:13:28","slug":"semsiyeli-adam-masa-lambasi","status":"publish","type":"product","link":"https:\/\/www.strudimora.com\/?product=semsiyeli-adam-masa-lambasi","title":{"rendered":"\u015eemsiyeli Adam Masa Lambas\u0131"},"content":{"rendered":"<p data-start=\"96\" data-end=\"133\">\u2602\ufe0f Yeni \u00dcr\u00fcn\u00fcm\u00fcz: \u015earjl\u0131 Masa Lambas\u0131<\/p>\n<p data-start=\"135\" data-end=\"324\">Strudimora\u2019n\u0131n yeni tasar\u0131m\u0131yla tan\u0131\u015f\u0131n!<br data-start=\"175\" data-end=\"178\" \/>Minimal silueti, karakteristik duru\u015fu ve \u00fcst\u00fcndeki \u015femsiye formuyla bu masa lambas\u0131, hem i\u015flevsel hem de dekoratif bir par\u00e7a olarak \u00f6ne \u00e7\u0131k\u0131yor.<\/p>\n<p data-start=\"326\" data-end=\"436\">\ud83d\udd0b Type-C ile \u015farj edilebilir<br data-start=\"355\" data-end=\"358\" \/>\ud83d\udca1 Dokunmatik a\u00e7ma\/kapama<br data-start=\"383\" data-end=\"386\" \/>\u2728 3 kademeli \u0131\u015f\u0131k ayar\u0131<br data-start=\"409\" data-end=\"412\" \/>\ud83d\udccf 33 cm y\u00fcksekli\u011finde<\/p>\n<p data-start=\"438\" data-end=\"559\">\u0130ster i\u00e7 mek\u00e2nda ister teras ve balkon gibi alanlarda kullan\u0131n, bu \u00f6zel tasar\u0131m ortama s\u0131cak bir karakter kazand\u0131r\u0131yor.<\/p>\n<p data-start=\"561\" data-end=\"673\">#Strudimora #\u015earjl\u0131Lamba #MasaLambas\u0131 #DekoratifAyd\u0131nlatma #Tasar\u0131m\u00dcr\u00fcn #MinimalTasar\u0131m #TouchLamp #\u015eemsiyeLamba<\/p>\n","protected":false},"excerpt":{"rendered":"<p>\u2602\ufe0f Yeni \u00dcr\u00fcn\u00fcm\u00fcz: \u015earjl\u0131 Masa Lambas\u0131 Strudimora\u2019n\u0131n yeni tasar\u0131m\u0131yla tan\u0131\u015f\u0131n!Minimal silueti, karakteristik duru\u015fu ve \u00fcst\u00fcndeki \u015femsiye formuyla bu masa lambas\u0131, hem i\u015flevsel hem de dekoratif bir par\u00e7a olarak \u00f6ne \u00e7\u0131k\u0131yor. \ud83d\udd0b Type-C ile \u015farj edilebilir\ud83d\udca1 Dokunmatik a\u00e7ma\/kapama\u2728 3 kademeli \u0131\u015f\u0131k ayar\u0131\ud83d\udccf 33 cm y\u00fcksekli\u011finde \u0130ster i\u00e7 mek\u00e2nda ister teras ve balkon gibi alanlarda kullan\u0131n, bu [&hellip;]<\/p>\n","protected":false},"featured_media":4579,"comment_status":"open","ping_status":"closed","template":"","meta":[],"product_brand":[198],"product_cat":[277],"product_tag":[278,231],"class_list":{"0":"post-4463","1":"product","2":"type-product","3":"status-publish","4":"has-post-thumbnail","6":"product_brand-strudimora","7":"product_cat-sarjli-masa-lambalari","8":"product_tag-sarjli-masa-lambasi","9":"product_tag-semsiyeli-adam","11":"first","12":"instock","13":"taxable","14":"shipping-taxable","15":"purchasable","16":"product-type-simple"},"aioseo_notices":[],"jetpack_sharing_enabled":true,"_links":{"self":[{"href":"https:\/\/www.strudimora.com\/index.php?rest_route=\/wp\/v2\/product\/4463","targetHints":{"allow":["GET"]}}],"collection":[{"href":"https:\/\/www.strudimora.com\/index.php?rest_route=\/wp\/v2\/product"}],"about":[{"href":"https:\/\/www.strudimora.com\/index.php?rest_route=\/wp\/v2\/types\/product"}],"replies":[{"embeddable":true,"href":"https:\/\/www.strudimora.com\/index.php?rest_route=%2Fwp%2Fv2%2Fcomments&post=4463"}],"wp:featuredmedia":[{"embeddable":true,"href":"https:\/\/www.strudimora.com\/index.php?rest_route=\/wp\/v2\/media\/4579"}],"wp:attachment":[{"href":"https:\/\/www.strudimora.com\/index.php?rest_route=%2Fwp%2Fv2%2Fmedia&parent=4463"}],"wp:term":[{"taxonomy":"product_brand","embeddable":true,"href":"https:\/\/www.strudimora.com\/index.php?rest_route=%2Fwp%2Fv2%2Fproduct_brand&post=4463"},{"taxonomy":"product_cat","embeddable":true,"href":"https:\/\/www.strudimora.com\/index.php?rest_route=%2Fwp%2Fv2%2Fproduct_cat&post=4463"},{"taxonomy":"product_tag","embeddable":true,"href":"https:\/\/www.strudimora.com\/index.php?rest_route=%2Fwp%2Fv2%2Fproduct_tag&post=4463"}],"curies":[{"name":"wp","href":"https:\/\/api.w.org\/{rel}","templated":true}]}}