{"id":4639,"date":"2025-10-08T16:06:12","date_gmt":"2025-10-08T16:06:12","guid":{"rendered":"https:\/\/www.strudimora.com\/?post_type=product&#038;p=4639"},"modified":"2025-11-27T04:38:59","modified_gmt":"2025-11-27T04:38:59","slug":"brivvo-combo-sarkit","status":"publish","type":"product","link":"https:\/\/www.strudimora.com\/?product=brivvo-combo-sarkit","title":{"rendered":"Brivvo Combo Sark\u0131t"},"content":{"rendered":"<p data-start=\"138\" data-end=\"393\">\u2728 <strong data-start=\"140\" data-end=\"183\">Brivvo Combo ile \u0131\u015f\u0131\u011f\u0131n oyunu ba\u015fl\u0131yor!<\/strong><br data-start=\"183\" data-end=\"186\" \/>Brivvo serimizin yeni \u00fcyesi \u201cCombo\u201d, yatay sark\u0131t modelimizin \u00e7oklu versiyonu olarak tasarland\u0131.<br data-start=\"282\" data-end=\"285\" \/>Renkli bloklar\u0131n enerjisini bir araya getirerek e\u011flenceli, ne\u015feli ve tamamen mod\u00fcler bir form olu\u015fturuyor.<\/p>\n<p data-start=\"395\" data-end=\"555\">\u00c7ocuk odalar\u0131na hem oyun alan\u0131 s\u0131cakl\u0131\u011f\u0131 hem de modern bir dokunu\u015f kat\u0131yor.<br data-start=\"470\" data-end=\"473\" \/>Her bir par\u00e7a, Strudimora\u2019n\u0131n imzas\u0131 olan sade ama g\u00fc\u00e7l\u00fc tasar\u0131m dilini ta\u015f\u0131yor.<\/p>\n<p data-start=\"557\" data-end=\"658\">\ud83c\udfa8 Renkleriyle mutluluk verir, \u0131\u015f\u0131\u011f\u0131yla hayal kurdurur.<br data-start=\"612\" data-end=\"615\" \/>Yeni Brivvo Combo \u015fimdi koleksiyonumuzda!<\/p>\n","protected":false},"excerpt":{"rendered":"<p>\u2728 Brivvo Combo ile \u0131\u015f\u0131\u011f\u0131n oyunu ba\u015fl\u0131yor!Brivvo serimizin yeni \u00fcyesi \u201cCombo\u201d, yatay sark\u0131t modelimizin \u00e7oklu versiyonu olarak tasarland\u0131.Renkli bloklar\u0131n enerjisini bir araya getirerek e\u011flenceli, ne\u015feli ve tamamen mod\u00fcler bir form olu\u015fturuyor. \u00c7ocuk odalar\u0131na hem oyun alan\u0131 s\u0131cakl\u0131\u011f\u0131 hem de modern bir dokunu\u015f kat\u0131yor.Her bir par\u00e7a, Strudimora\u2019n\u0131n imzas\u0131 olan sade ama g\u00fc\u00e7l\u00fc tasar\u0131m dilini ta\u015f\u0131yor. \ud83c\udfa8 [&hellip;]<\/p>\n","protected":false},"featured_media":4640,"comment_status":"open","ping_status":"closed","template":"","meta":[],"product_brand":[198],"product_cat":[282,269],"product_tag":[275,238],"class_list":{"0":"post-4639","1":"product","2":"type-product","3":"status-publish","4":"has-post-thumbnail","6":"product_brand-strudimora","7":"product_cat-brivvo","8":"product_cat-sarkit-lamba","9":"product_tag-brivvo","10":"product_tag-sarkit","12":"first","13":"instock","14":"taxable","15":"shipping-taxable","16":"purchasable","17":"product-type-simple"},"aioseo_notices":[],"jetpack_sharing_enabled":true,"_links":{"self":[{"href":"https:\/\/www.strudimora.com\/index.php?rest_route=\/wp\/v2\/product\/4639","targetHints":{"allow":["GET"]}}],"collection":[{"href":"https:\/\/www.strudimora.com\/index.php?rest_route=\/wp\/v2\/product"}],"about":[{"href":"https:\/\/www.strudimora.com\/index.php?rest_route=\/wp\/v2\/types\/product"}],"replies":[{"embeddable":true,"href":"https:\/\/www.strudimora.com\/index.php?rest_route=%2Fwp%2Fv2%2Fcomments&post=4639"}],"wp:featuredmedia":[{"embeddable":true,"href":"https:\/\/www.strudimora.com\/index.php?rest_route=\/wp\/v2\/media\/4640"}],"wp:attachment":[{"href":"https:\/\/www.strudimora.com\/index.php?rest_route=%2Fwp%2Fv2%2Fmedia&parent=4639"}],"wp:term":[{"taxonomy":"product_brand","embeddable":true,"href":"https:\/\/www.strudimora.com\/index.php?rest_route=%2Fwp%2Fv2%2Fproduct_brand&post=4639"},{"taxonomy":"product_cat","embeddable":true,"href":"https:\/\/www.strudimora.com\/index.php?rest_route=%2Fwp%2Fv2%2Fproduct_cat&post=4639"},{"taxonomy":"product_tag","embeddable":true,"href":"https:\/\/www.strudimora.com\/index.php?rest_route=%2Fwp%2Fv2%2Fproduct_tag&post=4639"}],"curies":[{"name":"wp","href":"https:\/\/api.w.org\/{rel}","templated":true}]}}