{"id":5087,"date":"2026-01-09T14:27:38","date_gmt":"2026-01-09T14:27:38","guid":{"rendered":"https:\/\/www.strudimora.com\/?post_type=product&#038;p=5087"},"modified":"2026-01-09T14:27:38","modified_gmt":"2026-01-09T14:27:38","slug":"brivvo-sarjli-masa-lambasi-strudimora","status":"publish","type":"product","link":"https:\/\/www.strudimora.com\/?product=brivvo-sarjli-masa-lambasi-strudimora","title":{"rendered":"Brivvo | \u015earjl\u0131 Masa Lambas\u0131 | Strudimora"},"content":{"rendered":"<p data-start=\"0\" data-end=\"47\"><strong data-start=\"3\" data-end=\"33\">BRIVVO \u015eARJLI MASA LAMBASI<\/strong> SAHNEDE! \ud83d\udd25<\/p>\n<p data-start=\"49\" data-end=\"138\">Oyun masas\u0131nda, \u00e7al\u0131\u015fma k\u00f6\u015fesinde, \u00e7ocuk odas\u0131nda\u2026<br data-start=\"99\" data-end=\"102\" \/>BRIVVO her yerde dikkat \u00e7ekiyor. \u2728<\/p>\n<p data-start=\"140\" data-end=\"372\">\ud83e\uddf1 <strong data-start=\"143\" data-end=\"183\">Bloklardan ilham alan ikonik tasar\u0131m<\/strong><br data-start=\"183\" data-end=\"186\" \/>\ud83d\udccf <strong data-start=\"189\" data-end=\"208\">21 cm y\u00fckseklik<\/strong><br data-start=\"208\" data-end=\"211\" \/>\ud83d\udd0b <strong data-start=\"214\" data-end=\"244\">Type-C ile \u015farj edilebilir<\/strong> \u2013 kablo derdi yok<br data-start=\"262\" data-end=\"265\" \/>\ud83d\udca1 <strong data-start=\"268\" data-end=\"296\">3 kademe dokunmatik \u0131\u015f\u0131k<\/strong> \u2013 tek dokunu\u015fla kontrol<br data-start=\"320\" data-end=\"323\" \/>\ud83c\udfa8 <strong data-start=\"326\" data-end=\"370\">Blok renkleri tamamen \u00f6zelle\u015ftirilebilir<\/strong><\/p>\n<p data-start=\"374\" data-end=\"475\">Hem dekoratif, hem fonksiyonel.<br data-start=\"405\" data-end=\"408\" \/>Hem \u00e7ocuklar i\u00e7in e\u011flenceli, hem yeti\u015fkinler i\u00e7in tasar\u0131m odakl\u0131.<\/p>\n<p data-start=\"477\" data-end=\"560\">BRIVVO sadece bir masa lambas\u0131 de\u011fil;<br data-start=\"514\" data-end=\"517\" \/>\ud83d\udc49 <strong data-start=\"520\" data-end=\"545\">oyun + tasar\u0131m + \u0131\u015f\u0131k<\/strong> ayn\u0131 formda.<\/p>\n<p data-start=\"562\" data-end=\"772\" data-is-last-node=\"\" data-is-only-node=\"\">Bu ak\u015fam \u0131\u015f\u0131klar\u0131 BRIVVO ile a\u00e7\u0131yoruz.<\/p>\n","protected":false},"excerpt":{"rendered":"<p>BRIVVO \u015eARJLI MASA LAMBASI SAHNEDE! \ud83d\udd25 Oyun masas\u0131nda, \u00e7al\u0131\u015fma k\u00f6\u015fesinde, \u00e7ocuk odas\u0131nda\u2026BRIVVO her yerde dikkat \u00e7ekiyor. \u2728 \ud83e\uddf1 Bloklardan ilham alan ikonik tasar\u0131m\ud83d\udccf 21 cm y\u00fckseklik\ud83d\udd0b Type-C ile \u015farj edilebilir \u2013 kablo derdi yok\ud83d\udca1 3 kademe dokunmatik \u0131\u015f\u0131k \u2013 tek dokunu\u015fla kontrol\ud83c\udfa8 Blok renkleri tamamen \u00f6zelle\u015ftirilebilir Hem dekoratif, hem fonksiyonel.Hem \u00e7ocuklar i\u00e7in e\u011flenceli, hem yeti\u015fkinler [&hellip;]<\/p>\n","protected":false},"featured_media":5088,"comment_status":"open","ping_status":"closed","template":"","meta":[],"product_brand":[198],"product_cat":[282,277],"product_tag":[275],"class_list":{"0":"post-5087","1":"product","2":"type-product","3":"status-publish","4":"has-post-thumbnail","6":"product_brand-strudimora","7":"product_cat-brivvo","8":"product_cat-sarjli-masa-lambalari","9":"product_tag-brivvo","11":"first","12":"instock","13":"taxable","14":"shipping-taxable","15":"purchasable","16":"product-type-variable"},"aioseo_notices":[],"jetpack_sharing_enabled":true,"_links":{"self":[{"href":"https:\/\/www.strudimora.com\/index.php?rest_route=\/wp\/v2\/product\/5087","targetHints":{"allow":["GET"]}}],"collection":[{"href":"https:\/\/www.strudimora.com\/index.php?rest_route=\/wp\/v2\/product"}],"about":[{"href":"https:\/\/www.strudimora.com\/index.php?rest_route=\/wp\/v2\/types\/product"}],"replies":[{"embeddable":true,"href":"https:\/\/www.strudimora.com\/index.php?rest_route=%2Fwp%2Fv2%2Fcomments&post=5087"}],"wp:featuredmedia":[{"embeddable":true,"href":"https:\/\/www.strudimora.com\/index.php?rest_route=\/wp\/v2\/media\/5088"}],"wp:attachment":[{"href":"https:\/\/www.strudimora.com\/index.php?rest_route=%2Fwp%2Fv2%2Fmedia&parent=5087"}],"wp:term":[{"taxonomy":"product_brand","embeddable":true,"href":"https:\/\/www.strudimora.com\/index.php?rest_route=%2Fwp%2Fv2%2Fproduct_brand&post=5087"},{"taxonomy":"product_cat","embeddable":true,"href":"https:\/\/www.strudimora.com\/index.php?rest_route=%2Fwp%2Fv2%2Fproduct_cat&post=5087"},{"taxonomy":"product_tag","embeddable":true,"href":"https:\/\/www.strudimora.com\/index.php?rest_route=%2Fwp%2Fv2%2Fproduct_tag&post=5087"}],"curies":[{"name":"wp","href":"https:\/\/api.w.org\/{rel}","templated":true}]}}