{"id":5352,"date":"2026-04-22T11:58:35","date_gmt":"2026-04-22T11:58:35","guid":{"rendered":"https:\/\/www.strudimora.com\/?post_type=product&#038;p=5352"},"modified":"2026-04-22T11:58:35","modified_gmt":"2026-04-22T11:58:35","slug":"roket-lamba-sarkit-aydinlatma-cocuk-odasi-uzay-temali-lamba","status":"publish","type":"product","link":"https:\/\/www.strudimora.com\/?product=roket-lamba-sarkit-aydinlatma-cocuk-odasi-uzay-temali-lamba","title":{"rendered":"Roket Lamba Sark\u0131t Ayd\u0131nlatma \u2013 \u00c7ocuk Odas\u0131 Uzay Temal\u0131 Lamba"},"content":{"rendered":"<p data-start=\"0\" data-end=\"23\">\ud83d\ude80 Hayal g\u00fcc\u00fcn\u00fc ate\u015fle!<\/p>\n<p data-start=\"25\" data-end=\"258\">Strudimora\u2019n\u0131n yeni <strong data-start=\"45\" data-end=\"60\">Roket Lamba<\/strong> tasar\u0131m\u0131yla \u00e7ocuk odalar\u0131nda ke\u015fif ba\u015fl\u0131yor. Uzay\u0131n derinliklerinden ilham alan bu e\u011flenceli tasar\u0131m, sadece bir ayd\u0131nlatma de\u011fil; ayn\u0131 zamanda odan\u0131n karakterini tamamlayan g\u00fc\u00e7l\u00fc bir dekor objesi.<\/p>\n<p data-start=\"260\" data-end=\"429\">Yumu\u015fak ve s\u0131cak \u0131\u015f\u0131\u011f\u0131yla huzurlu bir atmosfer olu\u015ftururken, dikkat \u00e7ekici formuyla mekana dinamizm katar. \u00d6zellikle uzay temal\u0131 odalar i\u00e7in m\u00fckemmel bir tamamlay\u0131c\u0131. \ud83c\udf0c<\/p>\n<p data-start=\"431\" data-end=\"475\">\u2728 Hem e\u011flenceli hem stil sahibi bir dokunu\u015f.<\/p>\n<p data-start=\"477\" data-end=\"532\">\ud83d\udccf Y\u00fckseklik: 51 cm<br data-start=\"496\" data-end=\"499\" \/>\ud83d\udcd0 \u00c7ap: 14 cm<br data-start=\"512\" data-end=\"515\" \/>\ud83d\udca1 E14 duy uyumlu<\/p>\n<p data-start=\"534\" data-end=\"560\" data-is-last-node=\"\" data-is-only-node=\"\">Ke\u015ffetmeye haz\u0131r m\u0131s\u0131n? \ud83d\ude80<\/p>\n","protected":false},"excerpt":{"rendered":"<p>\ud83d\ude80 Hayal g\u00fcc\u00fcn\u00fc ate\u015fle! Strudimora\u2019n\u0131n yeni Roket Lamba tasar\u0131m\u0131yla \u00e7ocuk odalar\u0131nda ke\u015fif ba\u015fl\u0131yor. Uzay\u0131n derinliklerinden ilham alan bu e\u011flenceli tasar\u0131m, sadece bir ayd\u0131nlatma de\u011fil; ayn\u0131 zamanda odan\u0131n karakterini tamamlayan g\u00fc\u00e7l\u00fc bir dekor objesi. Yumu\u015fak ve s\u0131cak \u0131\u015f\u0131\u011f\u0131yla huzurlu bir atmosfer olu\u015ftururken, dikkat \u00e7ekici formuyla mekana dinamizm katar. \u00d6zellikle uzay temal\u0131 odalar i\u00e7in m\u00fckemmel bir tamamlay\u0131c\u0131. [&hellip;]<\/p>\n","protected":false},"featured_media":5353,"comment_status":"open","ping_status":"closed","template":"","meta":[],"product_brand":[198],"product_cat":[269],"product_tag":[310,311,238],"class_list":{"0":"post-5352","1":"product","2":"type-product","3":"status-publish","4":"has-post-thumbnail","6":"product_brand-strudimora","7":"product_cat-sarkit-lamba","8":"product_tag-roket","9":"product_tag-roket-lamba","10":"product_tag-sarkit","12":"first","13":"instock","14":"taxable","15":"shipping-taxable","16":"purchasable","17":"product-type-variable"},"aioseo_notices":[],"jetpack_sharing_enabled":true,"_links":{"self":[{"href":"https:\/\/www.strudimora.com\/index.php?rest_route=\/wp\/v2\/product\/5352","targetHints":{"allow":["GET"]}}],"collection":[{"href":"https:\/\/www.strudimora.com\/index.php?rest_route=\/wp\/v2\/product"}],"about":[{"href":"https:\/\/www.strudimora.com\/index.php?rest_route=\/wp\/v2\/types\/product"}],"replies":[{"embeddable":true,"href":"https:\/\/www.strudimora.com\/index.php?rest_route=%2Fwp%2Fv2%2Fcomments&post=5352"}],"wp:featuredmedia":[{"embeddable":true,"href":"https:\/\/www.strudimora.com\/index.php?rest_route=\/wp\/v2\/media\/5353"}],"wp:attachment":[{"href":"https:\/\/www.strudimora.com\/index.php?rest_route=%2Fwp%2Fv2%2Fmedia&parent=5352"}],"wp:term":[{"taxonomy":"product_brand","embeddable":true,"href":"https:\/\/www.strudimora.com\/index.php?rest_route=%2Fwp%2Fv2%2Fproduct_brand&post=5352"},{"taxonomy":"product_cat","embeddable":true,"href":"https:\/\/www.strudimora.com\/index.php?rest_route=%2Fwp%2Fv2%2Fproduct_cat&post=5352"},{"taxonomy":"product_tag","embeddable":true,"href":"https:\/\/www.strudimora.com\/index.php?rest_route=%2Fwp%2Fv2%2Fproduct_tag&post=5352"}],"curies":[{"name":"wp","href":"https:\/\/api.w.org\/{rel}","templated":true}]}}